{"id":7078,"date":"2018-07-30T14:30:22","date_gmt":"2018-07-30T13:30:22","guid":{"rendered":"http:\/\/www.igld.de\/?page_id=7078"},"modified":"2019-07-26T10:09:59","modified_gmt":"2019-07-26T09:09:59","slug":"igld2019","status":"publish","type":"page","link":"https:\/\/www.igld.de\/?page_id=7078","title":{"rendered":"IGLD2019"},"content":{"rendered":"<p><a href=\"https:\/\/www.igld.de\/?page_id=7078\"><img loading=\"lazy\" decoding=\"async\" class=\"alignnone wp-image-7124 size-full\" src=\"https:\/\/www.igld.de\/wp-content\/uploads\/2018\/03\/Bild1.jpg\" alt=\"\" width=\"1241\" height=\"1695\" srcset=\"https:\/\/www.igld.de\/wp-content\/uploads\/2018\/03\/Bild1.jpg 1241w, https:\/\/www.igld.de\/wp-content\/uploads\/2018\/03\/Bild1-220x300.jpg 220w, https:\/\/www.igld.de\/wp-content\/uploads\/2018\/03\/Bild1-768x1049.jpg 768w, https:\/\/www.igld.de\/wp-content\/uploads\/2018\/03\/Bild1-750x1024.jpg 750w\" sizes=\"auto, (max-width: 1241px) 100vw, 1241px\" \/><\/a><\/p>\n<p>&nbsp;<\/p>\n<p>&nbsp;<\/p>\n<p>&nbsp;<\/p>\n<p><em>07.\u201308.03.2019, Frankfurt<\/em><\/p>\n<p><strong>Gemeinsames Jahressymposium<\/strong><\/p>\n<p>www.igld.de<\/p>\n<p>Am 7. und 8. M\u00e4rz 2019 fi ndet erneut im CAP Europa auf der Messe in Frankfurt die 23. Jahrestagung der IGLD statt. Sie wird seit einigen Jahren gemeinsam mit der Ringversuchsorganisation INSTAND, dem Deutschen Stammzellnetzwerk, der Gesellschaft f\u00fcr Exosomenforschung und dem Dachverband der MTLA organisiert. Durch die Schwerpunkte der einzelnen Fachgesellschaften wird das ganze Gebiet der Labormedizin inkl. der benachbarten Disziplinen der Zelltherapie, H\u00e4matologie, Gerinnung, Transfusionsmedizin, Virologie und Mikrobiologie durch ausgewiesene Experten abgedeckt, die die neuesten Entwicklungen ihres jeweiligen Fachgebiets pr\u00e4sentieren. Dass dieses Konzept aufgeht, hat die letztj\u00e4hrige \u00dcberschreitung der Grenze von tausend Teilnehmern gezeigt. Schwerpunkte in diesem Jahr sind Themen der Zukunft wie Software und Datenanalyse im Labor, Zelltherapie mit Stammzellen oder CAR T-Zellen oder die Bedeutung von Exosomen, die in vier parallelen Sitzungen diskutiert werden. Am Samstag finden im Anschluss an die Tagung in Kooperation mit der MTA-Schule in Frankfurt-Hoechst praktische Workshops statt, bei denen neue Technologien und Anwendungen praktisch demonstriert werden. Eine fr\u00fchzeitige Anmeldung wird empfohlen, damit Sie aus den mehr als zehn Kursen Ihre favorisierten Themen ausw\u00e4hlen k\u00f6nnen. Die Tagung selbst ist kostenfrei; f\u00fcr die Workshops wird eine Teilnahmegeb\u00fchr erhoben. Die Informationen zur Tagung und die Anmeldung fi nden Sie unter www.igld.de. Die Kurse finden in zwei Durchg\u00e4ngen jeweils vormittags und nachmittags statt. Kommen Sie nach Frankfurt, bleiben Sie Up to date!<\/p>\n<p><em>Ihre Karen Bieback, Katharina Gutensohn und<\/em><\/p>\n<p><em>Thomas Nebe<\/em><\/p>\n<p>&nbsp;<\/p>\n","protected":false},"excerpt":{"rendered":"<p> [&hellip;]<\/p>\n","protected":false},"author":2,"featured_media":0,"parent":0,"menu_order":3,"comment_status":"closed","ping_status":"closed","template":"","meta":{"footnotes":""},"class_list":["post-7078","page","type-page","status-publish","hentry"],"_links":{"self":[{"href":"https:\/\/www.igld.de\/index.php?rest_route=\/wp\/v2\/pages\/7078","targetHints":{"allow":["GET"]}}],"collection":[{"href":"https:\/\/www.igld.de\/index.php?rest_route=\/wp\/v2\/pages"}],"about":[{"href":"https:\/\/www.igld.de\/index.php?rest_route=\/wp\/v2\/types\/page"}],"author":[{"embeddable":true,"href":"https:\/\/www.igld.de\/index.php?rest_route=\/wp\/v2\/users\/2"}],"replies":[{"embeddable":true,"href":"https:\/\/www.igld.de\/index.php?rest_route=%2Fwp%2Fv2%2Fcomments&post=7078"}],"version-history":[{"count":8,"href":"https:\/\/www.igld.de\/index.php?rest_route=\/wp\/v2\/pages\/7078\/revisions"}],"predecessor-version":[{"id":8233,"href":"https:\/\/www.igld.de\/index.php?rest_route=\/wp\/v2\/pages\/7078\/revisions\/8233"}],"wp:attachment":[{"href":"https:\/\/www.igld.de\/index.php?rest_route=%2Fwp%2Fv2%2Fmedia&parent=7078"}],"curies":[{"name":"wp","href":"https:\/\/api.w.org\/{rel}","templated":true}]}}