{"id":7066,"date":"2018-11-22T08:31:30","date_gmt":"2018-11-22T07:31:30","guid":{"rendered":"http:\/\/www.igld.de\/?page_id=7066"},"modified":"2018-11-22T08:52:07","modified_gmt":"2018-11-22T07:52:07","slug":"datenschutzerklaerung","status":"publish","type":"page","link":"https:\/\/www.igld.de\/?page_id=7066","title":{"rendered":"Datenschutzerkl\u00e4rung"},"content":{"rendered":"<p><a href=\"https:\/\/www.igld.de\/wp-content\/uploads\/2018\/11\/Datenschutzhinweis-Homepage.pdf\">Datenschutzhinweis zum download<\/a><\/p>\n<p><strong>Datenschutzhinweis<\/strong><\/p>\n<p><strong>\u00a0<\/strong><\/p>\n<p><strong>Datenschutzerkl\u00e4rung:<\/strong><\/p>\n<ul>\n<li>Die Betreiber dieser Seiten nehmen den Schutz Ihrer pers\u00f6nlichen Daten sehr ernst. Wir behandeln Ihre personenbezogenen Daten vertraulich und entsprechend der gesetzlichen Datenschutzvorschriften sowie dieser Datenschutzerkl\u00e4rung.<\/li>\n<li>Die Nutzung unserer Webseite ist in der Regel ohne Angabe personenbezogener Daten m\u00f6glich. Soweit auf unseren Seiten personenbezogene Daten (beispielsweise Name oder E-Mail-Adressen) erhoben werden, erfolgt dies stets auf freiwilliger Basis. Diese Daten werden grunds\u00e4tzlich nicht an Dritte weitergegeben.<\/li>\n<li>Wir weisen darauf hin, dass die Daten\u00fcbertragung im Internet (z.B. bei der Kommunikation per E-Mail) Sicherheitsl\u00fccken aufweisen kann. Ein l\u00fcckenloser Schutz der Daten vor dem Zugriff durch Dritte ist nicht m\u00f6glich<\/li>\n<li>Wir m\u00f6chten Sie nachfolgend \u00fcber die Verarbeitung personenbezogener Daten im Rahmen der Nutzung unserer Internetseiten informieren<\/li>\n<\/ul>\n<p>&nbsp;<\/p>\n<p><strong>Verantwortliche<\/strong><\/p>\n<p>Verantwortlich f\u00fcr diese Internetseiten ist der IGLD e.V.<\/p>\n<p>&nbsp;<\/p>\n<p>&nbsp;<\/p>\n<p><strong>Welche Daten werden verarbeitet?<\/strong><\/p>\n<p><strong>\u00a0<\/strong><\/p>\n<p><strong>Allgemeines<\/strong><\/p>\n<p>Wenn Sie unsere Internetseiten besuchen, werden personenbezogene Daten verarbeitet. Damit die Seiten in Ihrem Browser sichtbar werden k\u00f6nnen, muss die IP-Adresse des von Ihnen verwendeten Endger\u00e4ts verarbeitet werden. Zus\u00e4tzlich werden weitere Informationen \u00fcber den Browser Ihres Endger\u00e4ts verwendet. Wir sind datenschutzrechtlich verpflichtet, auch die Vertraulichkeit und Integrit\u00e4t dieser personenbezogenen Daten zu gew\u00e4hrleisten.<\/p>\n<p>&nbsp;<\/p>\n<p><strong>Server-Log-Files<\/strong><\/p>\n<p>Der Provider der Seiten erhebt und speichert automatisch Informationen in so genannten Server-Log Files, die Ihr Browser automatisch an uns \u00fcbermittelt. Diese sind:<\/p>\n<ul>\n<li>Browsertyp\/ Browserversion<\/li>\n<li>verwendetes Betriebssystem<\/li>\n<li>Referrer URL<\/li>\n<li>Hostname des zugreifenden Rechners<\/li>\n<li>Uhrzeit der Serveranfrage<\/li>\n<\/ul>\n<p>&nbsp;<\/p>\n<p>Eine Zusammenf\u00fchrung dieser Daten mit anderen Datenquellen wird nicht vorgenommen. Wir behalten uns vor, diese Daten nachtr\u00e4glich zu pr\u00fcfen, wenn uns konkrete Anhaltspunkte f\u00fcr eine rechtswidrige Nutzung bekannt werden. Die Daten werden ferner auch verwendet, um Fehler der Internetseite zu beheben.<\/p>\n<p>&nbsp;<\/p>\n<p>Die IP-Adresse wird nach sp\u00e4testens 7 Tagen von allen Systemen, die im Zusammenhang mit dem Betrieb dieser Internetseiten verwendet werden, gel\u00f6scht. Einen Personenbezug k\u00f6nnen wir aus den verbleibenden Daten dann nicht mehr herstellen. Bei einer Auskunftsanfrage, die nicht schriftlich erfolgt, verlangen wir ggf. einen Nachweis, der beleget, dass Sie die Person sind, f\u00fcr die Sie sich ausgeben. Wir bitten wir um Verst\u00e4ndnis f\u00fcr dieses Vorgehen.<\/p>\n<p>&nbsp;<\/p>\n<p>Rechtsgrundlage f\u00fcr diese Datenverarbeitung ist Artikel 6 Abs. 1 f der DSGVO. Unser \u201eInteresse\u201c nach Artikel 6 Absatz 1. F DSGVO ist der Betrieb dieser Internetseite zur Information \u00fcber die aktuellen Veranstaltungen des IGLD e.V. sowie die Anmeldung zu den jeweiligen Veranstaltungen.<\/p>\n<p>&nbsp;<\/p>\n<p><strong>Anmeldeformular<\/strong><\/p>\n<p>Wir bieten auf unserer Internetseite ein Anmeldformular an, \u00fcber das Sie sich f\u00fcr unsere j\u00e4hrliche Konferenz anmelden k\u00f6nnen. Neben den freiwilligen Angaben verlangen wir die Angabe folgender Informationen von Ihnen:<\/p>\n<p>&nbsp;<\/p>\n<ul>\n<li>Anrede<\/li>\n<li>Titel<\/li>\n<li>Vorname<\/li>\n<li>Nachname<\/li>\n<li>Telefonnummer<\/li>\n<li>Institution<\/li>\n<li>Abteilung<\/li>\n<li>Vollst\u00e4nide adresse der Institution (Strasse, Hausnr., PLZ, Ort)<\/li>\n<li>Telefon (optional)<\/li>\n<li>E-Mail Adresse<\/li>\n<li>EFN (optional)<\/li>\n<li>Berufsstatus (Mediziner, MTA, Industrie\/Gewerbe)<\/li>\n<\/ul>\n<p>Anmeldungen \u00fcber das Formular unserer Internetseite werden grunds\u00e4tzlich online in einer verschl\u00fcsselten Datenbank unseres Webhosts 1und1 gespeichert. Es wird regelm\u00e4\u00dfig dahingehend \u00fcberpr\u00fcft, ob Daten gel\u00f6scht werden k\u00f6nnen. Sollten Daten im Rahmen einer Teilnahmer- oder Interessentenbeziehung nicht weiter erforderlich sein oder ein entgegenstehendes Interesse des Teilnehmers \u00fcberwiegen, werden wir die betreffenden Daten l\u00f6schen, sofern dem keine gesetzlichen Aufbewahrungspflichten entgegenstehen.<\/p>\n<p>&nbsp;<\/p>\n<p>&nbsp;<\/p>\n<p>Rechtsgrundlage f\u00fcr diese Datenverarbeitung ist Artikel 6 Abs. 1 f der DSGVO. Unser \u201eInteresse\u201c nach Artikel 6 Absatz 1. F DSGVO ist der Betrieb dieser Internetseite zur Information \u00fcber die aktuellen Veranstaltungen des IGLD e.V. sowie die Anmeldung zu den jeweiligen Veranstaltungen.<\/p>\n<p>&nbsp;<\/p>\n<p><strong>Cookies<\/strong><\/p>\n<p>Die Internetseiten verwenden teilweise so genannte Cookies. Cookies richten auf Ihrem Rechner keinen Schaden an und enthalten keine Viren. Cookies dienen dazu, unser Angebot nutzerfreundlicher, effektiver und sicherer zu machen. Cookies sind kleine Textdateien, die auf Ihrem Rechner abgelegt werden und die Ihr Browser speichert. Durch Cookies werden keine Programme oder sonstige Applikationen auf Ihrem Rechner installiert oder gestartet.<\/p>\n<p>&nbsp;<\/p>\n<p>Die meisten der von uns verwendeten Cookies sind so genannte \u201eSession-Cookies\u201c. Sie werden nach Ende Ihres Besuchs automatisch gel\u00f6scht. Andere Cookies bleiben auf Ihrem Endger\u00e4t gespeichert, bis Sie diese l\u00f6schen. Diese Cookies erm\u00f6glichen es uns, Ihren Browser beim n\u00e4chsten Besuch wiederzuerkennen.<\/p>\n<p>&nbsp;<\/p>\n<p>Sie k\u00f6nnen Ihren Browser so einstellen, dass Sie \u00fcber das Setzen von Cookies informiert werden und Cookies nur im Einzelfall erlauben, die Annahme von Cookies f\u00fcr bestimmte F\u00e4lle oder generell ausschlie\u00dfen sowie das automatische L\u00f6schen der Cookies beim Schlie\u00dfen des Browsers aktivieren. Bei der Deaktivierung von Cookies kann die Funktionalit\u00e4t dieser Website eingeschr\u00e4nkt sein.<\/p>\n<p>&nbsp;<\/p>\n<p>&nbsp;<\/p>\n<p><strong>Empf\u00e4nger \/ Weitergabe von Daten<\/strong><\/p>\n<p>Daten, die Sie uns gegen\u00fcber angeben, werden grunds\u00e4tzlich nicht an Dritte weitergegeben. Insbesondere werden Ihre Daten nicht an Dritte f\u00fcr deren Werbezwecke weitergegeben.<\/p>\n<p>&nbsp;<\/p>\n<p>Wir setzen jedoch ggf. Dienstleister f\u00fcr den Betrieb dieser Internetseiten oder f\u00fcr weitere Produkte von uns ein. Hier kann es vorkommen, dass ein Dienstleister Kenntnis von personenbezogenen Daten erh\u00e4lt. Wir w\u00e4hlen unsere Dienstleister sorgf\u00e4ltig aus \u2013 insbesondere im Hinblick auf Datenschutz und Datensicherheit \u2013 und treffen alle datenschutzrechtlich erforderlichen Ma\u00dfnahmen f\u00fcr eine zul\u00e4ssige Datenverarbeitung.<\/p>\n<p>&nbsp;<\/p>\n<p><strong>Newsletter\/Info Email zum Kongress<\/strong><\/p>\n<p>Damit wir Sie \u00fcber unsere Jahrestagung, Kurese sowie eventuelle \u00c4nderungen im Programm w\u00e4hrend der Veranstaltung informieren k\u00f6nnen, haben wir einen Newsletter der ca. 1 &#8211; 2 Mal pro Jahr erscheint bzw. je tagesaktuell vor order w\u00e4hrend der Jahrestagung vesendet wird.<\/p>\n<p>&nbsp;<\/p>\n<p>Wenn Sie den Newsletter bzw. Updates der Veranstaltung empfangen m\u00f6chten, ben\u00f6tigen wir von Ihnen eine E-Mail-Adresse sowie Informationen, welche uns die \u00dcberpr\u00fcfung gestatten, dass Sie der Inhaber der angegebenen E-Mail-Adresse sind und mit dem Empfang des Newsletters einverstanden sind.<\/p>\n<p>&nbsp;<\/p>\n<p>Damit wir Sie \u00fcber aktuelle Informationen per E-Mail informieren k\u00f6nnen, speichern wir bei Ihrer Anmeldung zum Kongress Ihre E-Mail-Adresse sowie die weiteren freiwillig angegebenen Daten bis auf Widerruf. Aus Sicherheitsgr\u00fcnden wird auch der Zeitpunkt der Anmeldung bzw. der Best\u00e4tigung gespeichert sowie Ihre IP-Adresse. Sobald Sie Ihre Daten zur Anmeldung f\u00fcr den Newsletter eingegeben und abgeschickt haben, senden wir Ihnen eine E-Mail zur Best\u00e4tigung und Aktivierung Ihres kostenlosen Abonnements durch Anklicken (\u201eDouble Opt-In\u201c) zu. Erst nach der Best\u00e4tigung erhalten Sie den Newsletter und Updates. Die gespeicherten Daten werden ausschlie\u00dflich zu den angegebenen Zwecken von der IGLD verwendet und grunds\u00e4tzlich nicht an Dritte weitergegeben.<\/p>\n<p>&nbsp;<\/p>\n<p>Die erteilte Einwilligung zur Speicherung der Daten, der E-Mail-Adresse sowie deren Nutzung zum Versand des Newsletters k\u00f6nnen Sie jederzeit widerrufen entsprechend der Informationen in der Anmeldbest\u00e4tigung.<\/p>\n<p>&nbsp;<\/p>\n<p>Eine \u00dcbermittlung dieser Informationen an Dritte findet nicht statt. Rechtsgrundlage f\u00fcr diese Datenverarbeitung ist der Artikel 6 Abs. 1 f der DSGVO. Unser \u201eInteresse\u201c nach Artikel 6 Abs. 1 f der DSGVO ist die Kommunikation mit den jeweiligen Abonnenten und die Verwaltung und der Versand unserer News und Ank\u00fcndigungen. Sie haben als Empf\u00e4nger jederzeit die M\u00f6glichkeit, dieser Form der Datenerhebung zu widersprechen.<\/p>\n<p>&nbsp;<\/p>\n<p><strong>Auskunft, L\u00f6schung, Sperrung<\/strong>Sie haben jederzeit das Recht auf unentgeltliche Auskunft \u00fcber Ihre gespeicherten personenbezogenen Daten, deren Herkunft und Empf\u00e4nger und den Zweck der Datenverarbeitung sowie ein Recht auf Berichtigung, Sperrung oder L\u00f6schung dieser Daten. Hierzu sowie zu weiteren Fragen zum Thema personenbezogene Daten k\u00f6nnen Sie sich jederzeit unter der im Impressum angegebenen Adresse an uns wenden.\u00a0Sie haben jederzeit das Recht sich bei einer daf\u00fcr zust\u00e4ndigen Aufsichtsbeh\u00f6rde zu beschweren.\u00a0<strong>Widerspruch Werbe-Mails<\/strong>Der Nutzung von im Rahmen der Impressumspflicht ver\u00f6ffentlichten Kontaktdaten zur \u00dcbersendung von nicht ausdr\u00fccklich angeforderter Werbung und Informationsmaterialien wird hiermit widersprochen. Die Betreiber der Seiten behalten sich ausdr\u00fccklich rechtliche Schritte im Falle der unverlangten Zusendung von Werbeinformationen, etwa durch Spam-E-Mails, vor.\u00a0<strong>\u00c4nderung dieser Datenschutzhinweise<\/strong>Wir \u00fcberarbeiten diese Datenschutzhinweise bei \u00c4nderungen an dieser Internetseite oder bei sonstigen Anl\u00e4ssen, die dies erforderlich machen. Die jeweils aktuelle Fassung finden Sie stets unter: https:\/\/www.igld.de\/datenschutz.html\u00a0<strong>Quellen aus denen Teile dieser Texte generiert wurden:<\/strong><\/p>\n<ul>\n<li>Datenschutzerkl\u00e4rung von eRecht24.de: <a href=\"view-source:http:\/\/http\/www.e-recht24.de\/muster-datenschutzerklaerung.html\">http:\/\/http\/www.e-recht24.de\/muster-datenschutzerklaerung.html<\/a><\/li>\n<li>https:\/\/www.datenschutz-guru.de: <a href=\"view-source:https:\/\/www.datenschutz-guru.de\/\">https:\/\/www.datenschutz-guru.de\/<\/a><\/li>\n<\/ul>\n","protected":false},"excerpt":{"rendered":"<p> [&hellip;]<\/p>\n","protected":false},"author":2,"featured_media":0,"parent":7099,"menu_order":3,"comment_status":"closed","ping_status":"closed","template":"","meta":{"footnotes":""},"class_list":["post-7066","page","type-page","status-publish","hentry"],"_links":{"self":[{"href":"https:\/\/www.igld.de\/index.php?rest_route=\/wp\/v2\/pages\/7066","targetHints":{"allow":["GET"]}}],"collection":[{"href":"https:\/\/www.igld.de\/index.php?rest_route=\/wp\/v2\/pages"}],"about":[{"href":"https:\/\/www.igld.de\/index.php?rest_route=\/wp\/v2\/types\/page"}],"author":[{"embeddable":true,"href":"https:\/\/www.igld.de\/index.php?rest_route=\/wp\/v2\/users\/2"}],"replies":[{"embeddable":true,"href":"https:\/\/www.igld.de\/index.php?rest_route=%2Fwp%2Fv2%2Fcomments&post=7066"}],"version-history":[{"count":2,"href":"https:\/\/www.igld.de\/index.php?rest_route=\/wp\/v2\/pages\/7066\/revisions"}],"predecessor-version":[{"id":7098,"href":"https:\/\/www.igld.de\/index.php?rest_route=\/wp\/v2\/pages\/7066\/revisions\/7098"}],"up":[{"embeddable":true,"href":"https:\/\/www.igld.de\/index.php?rest_route=\/wp\/v2\/pages\/7099"}],"wp:attachment":[{"href":"https:\/\/www.igld.de\/index.php?rest_route=%2Fwp%2Fv2%2Fmedia&parent=7066"}],"curies":[{"name":"wp","href":"https:\/\/api.w.org\/{rel}","templated":true}]}}