{"id":5960,"date":"2017-01-05T20:50:13","date_gmt":"2017-01-05T19:50:13","guid":{"rendered":"http:\/\/www.igld.de\/?page_id=5960"},"modified":"2017-02-22T12:58:00","modified_gmt":"2017-02-22T11:58:00","slug":"veranstaltungsorte","status":"publish","type":"page","link":"https:\/\/www.igld.de\/?page_id=5960","title":{"rendered":"Veranstaltungsorte"},"content":{"rendered":"<h1><a href=\"http:\/\/www.uni-duesseldorf.de\/home\/universitaet\/weiterfuehrend\/lageplan-und-anfahrt.html\" target=\"_blank\"><strong>Veranstaltungsort: Heinrich-Heine Universit\u00e4t D\u00fcsseldorf<\/strong><\/a><\/h1>\n<h1>Heinrich Heine Universit\u00e4t, Universit\u00e4tsstra\u00dfe 1, 40225 D\u00fcsseldorf<\/h1>\n<p>&nbsp;<\/p>\n<h1><a href=\"https:\/\/www.igld.de\/wp-content\/uploads\/2017\/02\/HHU_Campusplan_Maerz_2017_IGLD.pdf\"><img loading=\"lazy\" decoding=\"async\" class=\"alignnone wp-image-6160 size-full\" src=\"https:\/\/www.igld.de\/wp-content\/uploads\/2017\/02\/HHU_Campusplan_Maerz_2017_IGLD.jpg\" width=\"910\" height=\"1293\" srcset=\"https:\/\/www.igld.de\/wp-content\/uploads\/2017\/02\/HHU_Campusplan_Maerz_2017_IGLD.jpg 910w, https:\/\/www.igld.de\/wp-content\/uploads\/2017\/02\/HHU_Campusplan_Maerz_2017_IGLD-211x300.jpg 211w, https:\/\/www.igld.de\/wp-content\/uploads\/2017\/02\/HHU_Campusplan_Maerz_2017_IGLD-768x1091.jpg 768w, https:\/\/www.igld.de\/wp-content\/uploads\/2017\/02\/HHU_Campusplan_Maerz_2017_IGLD-721x1024.jpg 721w\" sizes=\"auto, (max-width: 910px) 100vw, 910px\" \/><\/a><\/h1>\n<h1><a href=\"https:\/\/www.igld.de\/wp-content\/uploads\/2017\/02\/HHU_Campusplan_Maerz_2017_IGLD.pdf\" target=\"_blank\"><strong>Link zum Tagungsgeb\u00e4ude<\/strong><\/a><\/h1>\n<h1><a href=\"https:\/\/www.igld.de\/?page_id=2982\"><img loading=\"lazy\" decoding=\"async\" class=\"alignleft wp-image-3812\" src=\"https:\/\/www.igld.de\/wp-content\/uploads\/2013\/05\/Fotolia_41015378_XS.jpg\" width=\"175\" height=\"148\" srcset=\"https:\/\/www.igld.de\/wp-content\/uploads\/2013\/05\/Fotolia_41015378_XS.jpg 377w, https:\/\/www.igld.de\/wp-content\/uploads\/2013\/05\/Fotolia_41015378_XS-300x253.jpg 300w\" sizes=\"auto, (max-width: 175px) 100vw, 175px\" \/><br \/>\n<\/a><\/h1>\n<p>&nbsp;<\/p>\n<p>&nbsp;<\/p>\n","protected":false},"excerpt":{"rendered":"<p> [&hellip;]<\/p>\n","protected":false},"author":2,"featured_media":0,"parent":5825,"menu_order":5,"comment_status":"closed","ping_status":"closed","template":"","meta":{"footnotes":""},"class_list":["post-5960","page","type-page","status-publish","hentry"],"_links":{"self":[{"href":"https:\/\/www.igld.de\/index.php?rest_route=\/wp\/v2\/pages\/5960","targetHints":{"allow":["GET"]}}],"collection":[{"href":"https:\/\/www.igld.de\/index.php?rest_route=\/wp\/v2\/pages"}],"about":[{"href":"https:\/\/www.igld.de\/index.php?rest_route=\/wp\/v2\/types\/page"}],"author":[{"embeddable":true,"href":"https:\/\/www.igld.de\/index.php?rest_route=\/wp\/v2\/users\/2"}],"replies":[{"embeddable":true,"href":"https:\/\/www.igld.de\/index.php?rest_route=%2Fwp%2Fv2%2Fcomments&post=5960"}],"version-history":[{"count":15,"href":"https:\/\/www.igld.de\/index.php?rest_route=\/wp\/v2\/pages\/5960\/revisions"}],"predecessor-version":[{"id":6184,"href":"https:\/\/www.igld.de\/index.php?rest_route=\/wp\/v2\/pages\/5960\/revisions\/6184"}],"up":[{"embeddable":true,"href":"https:\/\/www.igld.de\/index.php?rest_route=\/wp\/v2\/pages\/5825"}],"wp:attachment":[{"href":"https:\/\/www.igld.de\/index.php?rest_route=%2Fwp%2Fv2%2Fmedia&parent=5960"}],"curies":[{"name":"wp","href":"https:\/\/api.w.org\/{rel}","templated":true}]}}