{"id":5409,"date":"2015-09-01T08:59:16","date_gmt":"2015-09-01T07:59:16","guid":{"rendered":"http:\/\/www.igld.de\/?page_id=5409"},"modified":"2017-02-10T08:10:09","modified_gmt":"2017-02-10T07:10:09","slug":"abendveranstaltung","status":"publish","type":"page","link":"https:\/\/www.igld.de\/?page_id=5409","title":{"rendered":"Abendveranstaltung"},"content":{"rendered":"<h4><strong>Get-Together am 02. M\u00e4rz\u00a02017 (Donnerstag)<\/strong><\/h4>\n<p>Das Get-Together findet in der Industrieausstellung in den Messehallen statt. Die Veranstaltung findet am Donnerstag im Anschluss an das Symposium statt. Sie ist f\u00fcr alle Teilnehmer des Symposiums <strong>kostenfrei<\/strong>.<\/p>\n<p>&nbsp;<\/p>\n<h4><strong>IGLD-PARTY am 03. M\u00e4rz\u00a02017 (Freitag)<\/strong><\/h4>\n<p>Die IGLD-Party wird Ihnen den Atem rauben. Das r\u00e4umliche Angebot ist jedoch durch den Veranstalter begrenzt. Die Teilnahme an der IGLD-Party ist daher ausschlie\u00dflich Teilnehmern der Workshops und geladenen G\u00e4sten vorbehalten.<\/p>\n<p>&nbsp;<\/p>\n<p><strong>Anmeldung<\/strong>:<\/p>\n<p>Die Teilnahme ist aufgrund des limitierten Platzangebotes <strong><u>nur nach vorheriger Anmeldung<\/u><\/strong> m\u00f6glich.<\/p>\n<p><strong>Location<\/strong>:<\/p>\n<p>Der Veranstaltungsort wird rechtzeitig bekannt gegeben.<\/p>\n<p><strong>Zugangsberechtigung<\/strong>:<\/p>\n<p>Der Eintritt ist nur gegen Vorlage des <strong>NAMENSSCHILDES<\/strong> beim Einlass m\u00f6glich.<\/p>\n<p><strong>Beginn der Party<\/strong>:<br \/>\n20:00 Uhr.<\/p>\n<p><strong>Kleiderordnung<\/strong>:<br \/>\nKeine. Kommen Sie bitte so, wie Sie sich am wohlsten f\u00fchlen. Feiern Sie doch einfach.<\/p>\n<p>&nbsp;<\/p>\n<p>Anmerkung in eigener Sache: Die IGLD-Party wird \u00fcber die Diagcon GmbH organisiert und\u00a0aus den Beitr\u00e4gen zu den Workshops finanziert.<\/p>\n","protected":false},"excerpt":{"rendered":"<p> [&hellip;]<\/p>\n","protected":false},"author":2,"featured_media":0,"parent":5825,"menu_order":7,"comment_status":"closed","ping_status":"closed","template":"","meta":{"footnotes":""},"class_list":["post-5409","page","type-page","status-publish","hentry"],"_links":{"self":[{"href":"https:\/\/www.igld.de\/index.php?rest_route=\/wp\/v2\/pages\/5409","targetHints":{"allow":["GET"]}}],"collection":[{"href":"https:\/\/www.igld.de\/index.php?rest_route=\/wp\/v2\/pages"}],"about":[{"href":"https:\/\/www.igld.de\/index.php?rest_route=\/wp\/v2\/types\/page"}],"author":[{"embeddable":true,"href":"https:\/\/www.igld.de\/index.php?rest_route=\/wp\/v2\/users\/2"}],"replies":[{"embeddable":true,"href":"https:\/\/www.igld.de\/index.php?rest_route=%2Fwp%2Fv2%2Fcomments&post=5409"}],"version-history":[{"count":7,"href":"https:\/\/www.igld.de\/index.php?rest_route=\/wp\/v2\/pages\/5409\/revisions"}],"predecessor-version":[{"id":6128,"href":"https:\/\/www.igld.de\/index.php?rest_route=\/wp\/v2\/pages\/5409\/revisions\/6128"}],"up":[{"embeddable":true,"href":"https:\/\/www.igld.de\/index.php?rest_route=\/wp\/v2\/pages\/5825"}],"wp:attachment":[{"href":"https:\/\/www.igld.de\/index.php?rest_route=%2Fwp%2Fv2%2Fmedia&parent=5409"}],"curies":[{"name":"wp","href":"https:\/\/api.w.org\/{rel}","templated":true}]}}