{"id":5387,"date":"2015-09-01T07:52:16","date_gmt":"2015-09-01T06:52:16","guid":{"rendered":"http:\/\/www.igld.de\/?page_id=5387"},"modified":"2015-09-01T10:28:39","modified_gmt":"2015-09-01T09:28:39","slug":"hotels","status":"publish","type":"page","link":"https:\/\/www.igld.de\/?page_id=5387","title":{"rendered":"Hotels"},"content":{"rendered":"<h4>Das Tagungshotel der IGLD 2016 ist das <strong>InterCityHotel Hamburg Dammtor-Messe<\/strong>.<\/h4>\n<p>&nbsp;<\/p>\n<p><a href=\"http:\/\/de.intercityhotel.com\/Hamburg\/InterCityHotel-Hamburg-Dammtor-Messe\" target=\"_blank\"><img loading=\"lazy\" decoding=\"async\" class=\"alignnone wp-image-5388 size-full\" src=\"https:\/\/www.igld.de\/wp-content\/uploads\/2015\/09\/InterCityHotel-HamburgDammtor-Messe.jpg\" alt=\"InterCityHotel HamburgDammtor-Messe\" width=\"600\" height=\"400\" srcset=\"https:\/\/www.igld.de\/wp-content\/uploads\/2015\/09\/InterCityHotel-HamburgDammtor-Messe.jpg 600w, https:\/\/www.igld.de\/wp-content\/uploads\/2015\/09\/InterCityHotel-HamburgDammtor-Messe-300x200.jpg 300w\" sizes=\"auto, (max-width: 600px) 100vw, 600px\" \/><\/a><\/p>\n<p>&nbsp;<\/p>\n<p>Mit dem InterCityHotel Hamburg Dammtor-Messe wurde am 1. Dezember 2014 bereits das dritte InterCityHotel in Hamburg f\u00fcr Sie er\u00f6ffnet. Das Hotel verf\u00fcgt neben den 275 modern eingerichteten und schallisolierten Zimmern auch \u00fcber 6 Veranstaltungsr\u00e4ume.<\/p>\n<p>&nbsp;<\/p>\n<p>Die Messe Hamburg bietet das ganze Jahr \u00fcber zahlreiche interessante Veranstaltungen, aber auch dar\u00fcber hinaus ist Hamburg immer ein aufregendes Reiseziel. Egal ob Sie ein Musical besuchen, eine Rundfahrt durch den zweitgr\u00f6\u00dften Seehafen Europas erleben m\u00f6chten oder eine Shoppingtour durch die Innenstadt planen \u2013 mit dem im Zimmerpreis enthaltenen FreeCityTicket f\u00fcr den \u00f6ffentlichen Nahverkehr gelangen Sie schnell und bequem zu all Ihren Zielen in der Stadt.<\/p>\n<p>&nbsp;<\/p>\n<p>&nbsp;<\/p>\n<p><strong>Adresse des InterCity Hotels Hamburg DAMMTOR-MESSE<\/strong><\/p>\n<p>St. Petersburger Stra\u00dfe 1<\/p>\n<p>20355 Hamburg<\/p>\n<p>&nbsp;<\/p>\n<p>&nbsp;<\/p>\n<p><strong>Kontakt zum Hotel<\/strong><\/p>\n<ul>\n<li><strong>Tel:<\/strong> (+49)\u00a0\u00a0 (0)40\u00a0\u00a0 600014-0<\/li>\n<li><strong>Fax:<\/strong> (+49)\u00a0\u00a0 (0)40\u00a0\u00a0 600014-0<\/li>\n<li><strong>Email:<\/strong> <a href=\"https:\/\/de.intercityhotel.com\/Kontakt\/(hotel_id)\/61053\" target=\"_blank\">https:\/\/de.intercityhotel.com\/Kontakt\/(hotel_id)\/61053<\/a><\/li>\n<li><strong>Internet:<\/strong> <a href=\"http:\/\/de.intercityhotel.com\/Hamburg\/InterCityHotel-Hamburg-Dammtor-Messe\" target=\"_blank\">http:\/\/de.intercityhotel.com\/Hamburg\/InterCityHotel-Hamburg-Dammtor-Messe<\/a><\/li>\n<\/ul>\n<p>&nbsp;<\/p>\n<p><strong>Anbindung des InterCity Hotels an \u00f6ffentliche Verkehrsmittel<\/strong><\/p>\n<p>&nbsp;<\/p>\n<p><strong>S-\/U-Bahn<\/strong><\/p>\n<p>Linien\u00a0 S1, S21, S3, S31\u00a0\u00a0\u00a0\u00a0\u00a0\u00a0\u00a0\u00a0\u00a0\u00a0\u00a0\u00a0\u00a0\u00a0\u00a0\u00a0\u00a0\u00a0 Station\u00a0\u00a0\u00a0\u00a0\u00a0\u00a0\u00a0\u00a0\u00a0\u00a0\u00a0 Sternschanze<\/p>\n<p>Linien\u00a0 U2, U3 \u00a0 \u00a0 \u00a0 \u00a0 \u00a0 \u00a0 \u00a0 \u00a0 \u00a0 \u00a0 \u00a0 \u00a0 \u00a0 \u00a0 \u00a0 \u00a0 \u00a0 \u00a0 Station\u00a0\u00a0\u00a0\u00a0\u00a0\u00a0\u00a0\u00a0\u00a0\u00a0\u00a0 Schlump<\/p>\n<p>&nbsp;<\/p>\n<p><strong>Bahnhof<\/strong><\/p>\n<ul>\n<li>Hamburg Dammtor (800 Meter)<\/li>\n<li>Hamburg Hauptbahnhof (2 km)<\/li>\n<\/ul>\n<p>&nbsp;<\/p>\n<p><strong>Flughafen<\/strong><\/p>\n<ul>\n<li>HH Fuhlsb\u00fcttel (12 km)<\/li>\n<\/ul>\n<p>&nbsp;<\/p>\n<p><strong>Eine gute Alternative: Mercure Hotel Hamburg an der Messe<\/strong><\/p>\n<p><a href=\"http:\/\/www.accorhotels.com\/de\/hotel-5394-mercure-hotel-hamburg-an-der-messe\/index.shtml\" target=\"_blank\"><img loading=\"lazy\" decoding=\"async\" class=\"alignnone wp-image-5389\" src=\"https:\/\/www.igld.de\/wp-content\/uploads\/2015\/09\/Mercure-Hotel.jpg\" alt=\"Mercure Hotel\" width=\"532\" height=\"400\" srcset=\"https:\/\/www.igld.de\/wp-content\/uploads\/2015\/09\/Mercure-Hotel.jpg 346w, https:\/\/www.igld.de\/wp-content\/uploads\/2015\/09\/Mercure-Hotel-300x225.jpg 300w\" sizes=\"auto, (max-width: 532px) 100vw, 532px\" \/><\/a><\/p>\n<p>Das Mercure Hotel Hamburg an der Messe direkt am Messezentrum ist ca. 20 Mi. vom Flughafen entfernt und ein idealer Ausgangspunkt f\u00fcr Hamburg-Aufenthalte. Zur U-Bahn-Station Schlump sind es acht Gehminuten. Auch ein Leihwagen-Service steht zur Verf\u00fcgung. Das Gel\u00e4nde des Veranstaltungsortes Sie fu\u00dfl\u00e4ufig in ca. 3 Minuten.<\/p>\n<p>&nbsp;<\/p>\n<p>&nbsp;<\/p>\n<p><strong>Adresse des Hotels Mercure<\/strong><\/p>\n<p>Schr\u00f6derstiftstr. 3<\/p>\n<p>20146 Hamburg<\/p>\n<p>&nbsp;<\/p>\n<p>&nbsp;<\/p>\n<p><strong>Kontakt zum Hotel<\/strong><\/p>\n<ul>\n<li><strong>Tel:<\/strong> (+49)\u00a0\u00a0 (0)40\u00a0\u00a0 450690<\/li>\n<li><strong>Fax:<\/strong> (+49)\u00a0\u00a0 (0)40\u00a0\u00a0 450691000<\/li>\n<li><strong>Email:<\/strong> <a href=\"mailto:h5394@accor.com\">h5394@accor.com<\/a><\/li>\n<li><strong>Internet:<\/strong> <a href=\"http:\/\/www.accorhotels.com\/de\/hotel-5394-mercure-hotel-hamburg-mitte\/index.shtml\" target=\"_blank\">http:\/\/www.accorhotels.com\/de\/hotel-5394-mercure-hotel-hamburg-an-der-messe\/index.shtml<\/a><\/li>\n<\/ul>\n<p>&nbsp;<\/p>\n<p>&nbsp;<\/p>\n<p><strong>Anbindung des Hotels Mercure an \u00f6ffentliche Verkehrsmittel<\/strong><\/p>\n<p>&nbsp;<\/p>\n<p><strong>S-\/U-Bahn<\/strong><\/p>\n<p>Linien\u00a0 S1, S21, S3, S31\u00a0\u00a0\u00a0\u00a0\u00a0\u00a0\u00a0\u00a0\u00a0\u00a0\u00a0\u00a0\u00a0\u00a0\u00a0\u00a0\u00a0\u00a0 Station\u00a0\u00a0\u00a0\u00a0\u00a0\u00a0\u00a0\u00a0\u00a0\u00a0\u00a0 Sternschanze<\/p>\n<p>Linien\u00a0 U2, U3 \u00a0 \u00a0 \u00a0 \u00a0 \u00a0 \u00a0 \u00a0 \u00a0 \u00a0 \u00a0 \u00a0 \u00a0 \u00a0 \u00a0 \u00a0 \u00a0 \u00a0 \u00a0 Station\u00a0\u00a0\u00a0\u00a0\u00a0\u00a0\u00a0\u00a0\u00a0\u00a0\u00a0 Schlump<\/p>\n<p>&nbsp;<\/p>\n<p><strong>Bahnhof<\/strong><\/p>\n<ul>\n<li>Hamburg Dammtor (800 Meter)<\/li>\n<li>Hamburg Hauptbahnhof (2 km)<\/li>\n<\/ul>\n<p>&nbsp;<\/p>\n<p><strong>Flughafen<\/strong><\/p>\n<ul>\n<li>HH Fuhlsb\u00fcttel (12 km)<\/li>\n<\/ul>\n<p>&nbsp;<\/p>\n<p>&nbsp;<\/p>\n<p>&nbsp;<\/p>\n<p><strong>Weitere Hotels<\/strong><\/p>\n<p>In unmittelbarer und relativer N\u00e4he zum Veranstaltungsort finden Sie Hotels jeglicher Kategorie. Bitte wenden Sie sich hierf\u00fcr an die Hamburger Tourismus GmbH unter der Internetadresse: <a href=\"http:\/\/www.hamburg-tourism.de\/\" target=\"_blank\">http:\/\/www.hamburg-tourism.de\/<\/a>, oder an deren Sales Center unter der Rufnummer 040 \u2013 300 51 300.<\/p>\n<p>&nbsp;<\/p>\n<p>&nbsp;<\/p>\n","protected":false},"excerpt":{"rendered":"<p> [&hellip;]<\/p>\n","protected":false},"author":2,"featured_media":0,"parent":4953,"menu_order":7,"comment_status":"closed","ping_status":"closed","template":"","meta":{"footnotes":""},"class_list":["post-5387","page","type-page","status-publish","hentry"],"_links":{"self":[{"href":"https:\/\/www.igld.de\/index.php?rest_route=\/wp\/v2\/pages\/5387","targetHints":{"allow":["GET"]}}],"collection":[{"href":"https:\/\/www.igld.de\/index.php?rest_route=\/wp\/v2\/pages"}],"about":[{"href":"https:\/\/www.igld.de\/index.php?rest_route=\/wp\/v2\/types\/page"}],"author":[{"embeddable":true,"href":"https:\/\/www.igld.de\/index.php?rest_route=\/wp\/v2\/users\/2"}],"replies":[{"embeddable":true,"href":"https:\/\/www.igld.de\/index.php?rest_route=%2Fwp%2Fv2%2Fcomments&post=5387"}],"version-history":[{"count":20,"href":"https:\/\/www.igld.de\/index.php?rest_route=\/wp\/v2\/pages\/5387\/revisions"}],"predecessor-version":[{"id":5468,"href":"https:\/\/www.igld.de\/index.php?rest_route=\/wp\/v2\/pages\/5387\/revisions\/5468"}],"up":[{"embeddable":true,"href":"https:\/\/www.igld.de\/index.php?rest_route=\/wp\/v2\/pages\/4953"}],"wp:attachment":[{"href":"https:\/\/www.igld.de\/index.php?rest_route=%2Fwp%2Fv2%2Fmedia&parent=5387"}],"curies":[{"name":"wp","href":"https:\/\/api.w.org\/{rel}","templated":true}]}}