{"id":5358,"date":"2015-09-01T07:16:07","date_gmt":"2015-09-01T06:16:07","guid":{"rendered":"http:\/\/www.igld.de\/?page_id=5358"},"modified":"2015-10-13T10:57:27","modified_gmt":"2015-10-13T09:57:27","slug":"allgemeine-informatioenen","status":"publish","type":"page","link":"https:\/\/www.igld.de\/?page_id=5358","title":{"rendered":"Allgemeine Informationen"},"content":{"rendered":"<h4>Sie finden weitere Hinweise zur IGLD-Veranstaltung auf dieser Webseite in den Men\u00fc-Unterpunkten.<\/h4>\n<p>&nbsp;<\/p>\n<h2 style=\"text-align: justify;\"><u>Termin<\/u><\/h2>\n<p style=\"text-align: justify;\">Das <strong>Symposium<\/strong> (IGLD und INSTAND) beginnt am Morgen des <strong>25. Februar 2016.<\/strong> Es wird am Freitag (<strong>26.02.2016<\/strong>) fortgesetzt (INSTAND, IGLD, Satellitensmyposium Immunh\u00e4matologie der DGTI Sektion). Unseren G\u00e4sten m\u00f6chten wir die M\u00f6glichkeit zu einem offenen und ausgiebigen Wissensaustausch mit legerer Diskussion bieten.<\/p>\n<p style=\"text-align: justify;\">Wir weisen daher darauf hin, dass die <strong>Zeiten der Vortr\u00e4ge<\/strong> und Programmteile eine Orientierung darstellen \u2013 und vermutlich <strong>wie immer<\/strong> <strong>\u00fcberzogen<\/strong> werden.<\/p>\n<p style=\"text-align: justify;\">Die <strong>Workshops<\/strong> und das Satellitensymposium des <strong>GSCN<\/strong> finden am Samstag statt (<strong>27.02.2016<\/strong>)<\/p>\n<h2 style=\"text-align: justify;\"><a name=\"_Toc108411899\"><\/a><u>Akkreditierung<\/u><\/h2>\n<p style=\"text-align: justify;\">Die Veranstaltung ist von der \u00c4rztekammer akkreditiert. Sie erhalten <strong>Fortbildungspunkte<\/strong> f\u00fcr die verschiedenen Programmteile. Die Teilnahmebescheinigungen werden tageweise ausgeteilt.<\/p>\n<h2 style=\"text-align: justify;\"><a name=\"_Toc108411900\"><\/a><u>Teilnahmegeb\u00fchr<\/u><\/h2>\n<p style=\"text-align: justify;\">Die <strong>Teilnahme am Symposium ist kostenfrei<\/strong>. Es ist das Grundprinzip unseres gemeinn\u00fctzigen Vereins allen Interessierten, insbesondere j\u00fcngeren Kolleginnen und Kollegen, ein qualitativ hochwertiges Forum der Fortbildung zu bieten, f\u00fcr das keine Teilnahmegeb\u00fchr erhoben wird.<\/p>\n<p style=\"text-align: justify;\">F\u00fcr die Teilnahme an den Workshops wird eine Geb\u00fchr erhoben, um so die Basiskosten zu decken.<\/p>\n<p style=\"text-align: justify;\">\n<p style=\"text-align: justify;\"><a href=\"https:\/\/www.igld.de\/?page_id=5363\" target=\"_blank\">Link zu Symposium<\/a><\/p>\n","protected":false},"excerpt":{"rendered":"<p> [&hellip;]<\/p>\n","protected":false},"author":2,"featured_media":0,"parent":4953,"menu_order":1,"comment_status":"closed","ping_status":"closed","template":"","meta":{"footnotes":""},"class_list":["post-5358","page","type-page","status-publish","hentry"],"_links":{"self":[{"href":"https:\/\/www.igld.de\/index.php?rest_route=\/wp\/v2\/pages\/5358","targetHints":{"allow":["GET"]}}],"collection":[{"href":"https:\/\/www.igld.de\/index.php?rest_route=\/wp\/v2\/pages"}],"about":[{"href":"https:\/\/www.igld.de\/index.php?rest_route=\/wp\/v2\/types\/page"}],"author":[{"embeddable":true,"href":"https:\/\/www.igld.de\/index.php?rest_route=\/wp\/v2\/users\/2"}],"replies":[{"embeddable":true,"href":"https:\/\/www.igld.de\/index.php?rest_route=%2Fwp%2Fv2%2Fcomments&post=5358"}],"version-history":[{"count":7,"href":"https:\/\/www.igld.de\/index.php?rest_route=\/wp\/v2\/pages\/5358\/revisions"}],"predecessor-version":[{"id":5549,"href":"https:\/\/www.igld.de\/index.php?rest_route=\/wp\/v2\/pages\/5358\/revisions\/5549"}],"up":[{"embeddable":true,"href":"https:\/\/www.igld.de\/index.php?rest_route=\/wp\/v2\/pages\/4953"}],"wp:attachment":[{"href":"https:\/\/www.igld.de\/index.php?rest_route=%2Fwp%2Fv2%2Fmedia&parent=5358"}],"curies":[{"name":"wp","href":"https:\/\/api.w.org\/{rel}","templated":true}]}}