{"id":4439,"date":"2014-07-28T09:22:28","date_gmt":"2014-07-28T09:22:28","guid":{"rendered":"http:\/\/www.igld.de\/?page_id=4439"},"modified":"2016-09-02T09:49:50","modified_gmt":"2016-09-02T08:49:50","slug":"salzburg-2014","status":"publish","type":"page","link":"https:\/\/www.igld.de\/?page_id=4439","title":{"rendered":"Salzburg 2014"},"content":{"rendered":"<p>&nbsp;<\/p>\n<p><a href=\"https:\/\/www.igld.de\/?page_id=3782\" target=\"_blank\"><img loading=\"lazy\" decoding=\"async\" class=\"alignnone wp-image-4188\" src=\"https:\/\/www.igld.de\/wp-content\/uploads\/2013\/03\/IGLD-06-03-2014-bis-08-03-2014-Flyer_a.jpg\" alt=\"IGLD-06-03-2014-bis-08-03-2014-Flyer_a\" width=\"849\" height=\"1200\" srcset=\"https:\/\/www.igld.de\/wp-content\/uploads\/2013\/03\/IGLD-06-03-2014-bis-08-03-2014-Flyer_a.jpg 1061w, https:\/\/www.igld.de\/wp-content\/uploads\/2013\/03\/IGLD-06-03-2014-bis-08-03-2014-Flyer_a-212x300.jpg 212w, https:\/\/www.igld.de\/wp-content\/uploads\/2013\/03\/IGLD-06-03-2014-bis-08-03-2014-Flyer_a-724x1024.jpg 724w\" sizes=\"auto, (max-width: 849px) 100vw, 849px\" \/><\/a><\/p>\n<p>&nbsp;<\/p>\n<p>&nbsp;<\/p>\n<p>&nbsp;<\/p>\n<p><a href=\"https:\/\/www.igld.de\/wp-content\/uploads\/2014\/01\/IGLD-06.03.2014-bis-08.03.2014-Flyer.pdf\" target=\"_blank\"><strong>Flyer-Ausdruck<\/strong><\/a><\/p>\n<p>&nbsp;<\/p>\n<p>Lokale Organisation:<\/p>\n<p><strong>Prof. Dr. med. Eva Rohde<\/strong>, <a href=\"http:\/\/www.salk.at\/231.html\">SALK Salzburger Universit\u00e4tsklinikum<\/a><\/p>\n<p><strong>MSc Manuela P\u00f6lsler<\/strong>, Telefon: +43 (0)662 4482 1301, Fax: +43 (0)662 4482 1308, Email: <a href=\"mailto:m.poelsler@salk.at\">m.poelsler@salk.at<\/a><\/p>\n<p><strong>IGLD eV , Anne-Frank-Stra\u00dfe 12, 22587 Hamburg <\/strong>eMail: <a href=\"mailto:info@igld.de\">info@igld.de<\/a><\/p>\n<p>&nbsp;<\/p>\n<p>Ort:<\/p>\n<p><a title=\"Die 18. Jahrestagung der IGLD findet in Salzburg vom 06.03 \u2013 08.03.2014 statt\" href=\"http:\/\/www.messezentrum-salzburg.at\/\" target=\"_blank\"><img loading=\"lazy\" decoding=\"async\" class=\"alignleft wp-image-3877\" src=\"https:\/\/www.igld.de\/wp-content\/uploads\/2013\/03\/Logo-Neu-1024x267.jpg\" alt=\"Logo Neu\" width=\"553\" height=\"144\" srcset=\"https:\/\/www.igld.de\/wp-content\/uploads\/2013\/03\/Logo-Neu-1024x267.jpg 1024w, https:\/\/www.igld.de\/wp-content\/uploads\/2013\/03\/Logo-Neu-300x78.jpg 300w, https:\/\/www.igld.de\/wp-content\/uploads\/2013\/03\/Logo-Neu.jpg 1181w\" sizes=\"auto, (max-width: 553px) 100vw, 553px\" \/><\/a><\/p>\n<p>&nbsp;<\/p>\n<p>&nbsp;<\/p>\n<p>&nbsp;<\/p>\n<p>&nbsp;<\/p>\n<p>&nbsp;<\/p>\n<p>&nbsp;<\/p>\n<p>&nbsp;<\/p>\n<p>&nbsp;<\/p>\n<p>&nbsp;<\/p>\n<p>&nbsp;<\/p>\n<p><b>Messezentrum Salzburg GmbH<\/b><\/p>\n<p>Am Messezentrum 1<\/p>\n<p>5020 Salzburg, AUSTRIA<\/p>\n<p>T +43 (0) 662 24 04-33<\/p>\n<p>M +43 (0) 664 833 0288<\/p>\n<p>F +43 (0) 662 24 04-20<\/p>\n<p>&nbsp;<\/p>\n<p>Topics u.a.:<\/p>\n<h3><a href=\"https:\/\/www.igld.de\/?page_id=3891\" target=\"_blank\"><strong>Symposien<\/strong>: Academic GMP &#8211; \u00a0Stammzellen &#8211; \u00a0Neuro-Regeneration &#8211; \u00a0H\u00e4mostaseologie &#8211; \u00a0Trombozyten -Neues aus der Durchflusszytometrie &#8211; \u00a0Zelltherapie &#8211; \u00a0Immunologie &#8211; Extracellular Microvesicles &#8211; Trends in Diagnostik, Therapie &amp; Technologie<\/a><\/h3>\n<h3><\/h3>\n<h3><\/h3>\n<h3><a href=\"https:\/\/www.igld.de\/?page_id=3891\" target=\"_blank\"><strong>Satelliten &#8211; Symposien: <\/strong>Immunh\u00e4matologie &#8211; Joint-Symposium f\u00fcr Qualit\u00e4tssicherung<\/a><\/h3>\n<h3><a href=\"https:\/\/www.igld.de\/?page_id=3894\" target=\"_blank\"><strong>Workshops:<\/strong>\u00a0 Durchflusszytometrie &#8211; Multicolor &#8211; Leuk\u00e4mie und Lymphome (Diagnostik) &#8211; GMP-Facility Salzburg &#8211; FACSimulator &#8211; System STEM Vision &#8211; Routine in der Diagnostik, leicht gemacht &#8211;\u00a0Harmonisierung und Standardisierung bei Multi-Center-Studien &#8211;\u00a0\u00a0Offline-Photopherese &#8211; Exosomen &#8211; \u00a0u.a.<\/a><\/h3>\n<p>&nbsp;<\/p>\n<p><a href=\"https:\/\/www.igld.de\/wp-content\/uploads\/2014\/02\/IGLD-Programmheft200214.pdf\" target=\"_blank\"><img loading=\"lazy\" decoding=\"async\" src=\"https:\/\/www.igld.de\/wp-content\/uploads\/2013\/05\/Fotolia-Button-Tagungsprogramm.jpg\" alt=\"Fotolia -Button- Tagungsprogramm\" width=\"120\" height=\"130\" \/><\/a>\u00a0\u00a0\u00a0\u00a0\u00a0\u00a0\u00a0\u00a0\u00a0\u00a0\u00a0\u00a0\u00a0\u00a0\u00a0\u00a0\u00a0\u00a0\u00a0\u00a0\u00a0\u00a0\u00a0\u00a0\u00a0\u00a0\u00a0\u00a0\u00a0\u00a0\u00a0\u00a0\u00a0 <a href=\"https:\/\/www.igld.de\/?page_id=2870\" target=\"_blank\"><img loading=\"lazy\" decoding=\"async\" class=\"alignnone wp-image-3812\" src=\"https:\/\/www.igld.de\/wp-content\/uploads\/2013\/05\/Fotolia_41015378_XS-300x253.jpg\" alt=\"Book now Online button\" width=\"175\" height=\"148\" srcset=\"https:\/\/www.igld.de\/wp-content\/uploads\/2013\/05\/Fotolia_41015378_XS-300x253.jpg 300w, https:\/\/www.igld.de\/wp-content\/uploads\/2013\/05\/Fotolia_41015378_XS.jpg 377w\" sizes=\"auto, (max-width: 175px) 100vw, 175px\" \/><\/a><\/p>\n<p>&nbsp;<\/p>\n","protected":false},"excerpt":{"rendered":"<p> [&hellip;]<\/p>\n","protected":false},"author":2,"featured_media":0,"parent":477,"menu_order":3,"comment_status":"closed","ping_status":"closed","template":"","meta":{"footnotes":""},"class_list":["post-4439","page","type-page","status-publish","hentry"],"_links":{"self":[{"href":"https:\/\/www.igld.de\/index.php?rest_route=\/wp\/v2\/pages\/4439","targetHints":{"allow":["GET"]}}],"collection":[{"href":"https:\/\/www.igld.de\/index.php?rest_route=\/wp\/v2\/pages"}],"about":[{"href":"https:\/\/www.igld.de\/index.php?rest_route=\/wp\/v2\/types\/page"}],"author":[{"embeddable":true,"href":"https:\/\/www.igld.de\/index.php?rest_route=\/wp\/v2\/users\/2"}],"replies":[{"embeddable":true,"href":"https:\/\/www.igld.de\/index.php?rest_route=%2Fwp%2Fv2%2Fcomments&post=4439"}],"version-history":[{"count":3,"href":"https:\/\/www.igld.de\/index.php?rest_route=\/wp\/v2\/pages\/4439\/revisions"}],"predecessor-version":[{"id":4443,"href":"https:\/\/www.igld.de\/index.php?rest_route=\/wp\/v2\/pages\/4439\/revisions\/4443"}],"up":[{"embeddable":true,"href":"https:\/\/www.igld.de\/index.php?rest_route=\/wp\/v2\/pages\/477"}],"wp:attachment":[{"href":"https:\/\/www.igld.de\/index.php?rest_route=%2Fwp%2Fv2%2Fmedia&parent=4439"}],"curies":[{"name":"wp","href":"https:\/\/api.w.org\/{rel}","templated":true}]}}