{"id":3894,"date":"2013-12-18T07:51:24","date_gmt":"2013-12-18T07:51:24","guid":{"rendered":"http:\/\/www.igld.de\/?page_id=3894"},"modified":"2014-07-28T09:32:14","modified_gmt":"2014-07-28T09:32:14","slug":"workshops","status":"publish","type":"page","link":"https:\/\/www.igld.de\/?page_id=3894","title":{"rendered":"Workshops"},"content":{"rendered":"<h1><\/h1>\n<h1><\/h1>\n<div>\n<p><b>IGLD \u2013 Workshops\u00a0\u00a0\u00a0\u00a0\u00a0\u00a0\u00a0\u00a0\u00a0\u00a0\u00a0\u00a0\u00a0\u00a0\u00a0\u00a0\u00a0\u00a0\u00a0\u00a0\u00a0\u00a0\u00a0\u00a0\u00a0\u00a0\u00a0\u00a0\u00a0\u00a0\u00a0\u00a0\u00a0\u00a0\u00a0\u00a0\u00a0\u00a0\u00a0\u00a0\u00a0\u00a0\u00a0\u00a0\u00a0\u00a0\u00a0\u00a0\u00a0\u00a0\u00a0 Samstag, 08.03.2014<\/b><\/p>\n<\/div>\n<h1><\/h1>\n<p>&nbsp;<\/p>\n<h1><\/h1>\n<h2><b>Jeweils um 09.30-11.30 und 13.00-15.00 Uhr<\/b><\/h2>\n<h1><\/h1>\n<p>&nbsp;<\/p>\n<h1><\/h1>\n<p><b>W01\u00a0\u00a0\u00a0 <\/b>H\u00e4molytische An\u00e4mien: Update zur Paroxysmalen N\u00e4chtlichen H\u00e4moglobinurie (PNH) und zum atypischen H\u00e4molytisch-Ur\u00e4mischen Syndrom (aHUS)\u201c\u00a0 <a href=\"https:\/\/www.igld.de\/wp-content\/uploads\/2014\/03\/WS1-Info1.pdf\" target=\"_blank\">Kurzinfo<\/a><br \/>\n(T. Nebe, Mannheim; U. Budde, Hamburg)\u00a0\u00a0\u00a0\u00a0\u00a0\u00a0\u00a0\u00a0\u00a0\u00a0\u00a0\u00a0\u00a0\u00a0\u00a0\u00a0\u00a0 <b>Alexion\u00a0\u00a0\u00a0\u00a0\u00a0\u00a0\u00a0\u00a0\u00a0\u00a0\u00a0\u00a0\u00a0\u00a0\u00a0\u00a0\u00a0\u00a0\u00a0\u00a0\u00a0\u00a0\u00a0\u00a0\u00a0<\/b>\u00a0 <a href=\"http:\/\/www.messezentrum-salzburg.at\/anreise-1.html\" target=\"_blank\"><b>(Messezentrum)<\/b><\/a><b><\/b><\/p>\n<h1><\/h1>\n<p>&nbsp;<\/p>\n<h1><\/h1>\n<p><b>W02\u00a0\u00a0\u00a0 <\/b>Grundlagen zur Durchflu\u00dfzytometrie. Dinge, die nicht in jedem Handbuch stehen und die Anwendung erleichtern<br \/>\n(H. D. Kleine, Rostock)\u00a0\u00a0\u00a0\u00a0\u00a0\u00a0\u00a0\u00a0\u00a0\u00a0\u00a0\u00a0\u00a0\u00a0\u00a0\u00a0\u00a0\u00a0\u00a0\u00a0\u00a0\u00a0\u00a0\u00a0\u00a0\u00a0\u00a0\u00a0\u00a0\u00a0\u00a0\u00a0\u00a0\u00a0\u00a0\u00a0\u00a0\u00a0\u00a0\u00a0\u00a0\u00a0\u00a0\u00a0\u00a0\u00a0\u00a0\u00a0 <b>BD Biosciences\u00a0\u00a0\u00a0\u00a0\u00a0\u00a0\u00a0\u00a0\u00a0\u00a0\u00a0\u00a0\u00a0 <\/b><a href=\"http:\/\/www.messezentrum-salzburg.at\/anreise-1.html\" target=\"_blank\"><b>(Messezentrum)<\/b><\/a><\/p>\n<h1><\/h1>\n<p>&nbsp;<\/p>\n<h1><\/h1>\n<p><b>W03\u00a0\u00a0\u00a0 <\/b>Standardisierte Stufendiagnostik in der Leuk\u00e4mie- und Lymphomtypisierung. <a href=\"https:\/\/www.igld.de\/wp-content\/uploads\/2014\/03\/WS3.pdf\" target=\"_blank\">Kurzinfo<\/a><br \/>\n(A. Jakob, Offenburg)\u00a0\u00a0\u00a0\u00a0\u00a0\u00a0\u00a0\u00a0\u00a0\u00a0\u00a0\u00a0\u00a0\u00a0\u00a0\u00a0\u00a0\u00a0\u00a0\u00a0\u00a0\u00a0\u00a0\u00a0\u00a0\u00a0\u00a0\u00a0\u00a0\u00a0\u00a0\u00a0\u00a0\u00a0\u00a0\u00a0\u00a0\u00a0\u00a0\u00a0\u00a0\u00a0\u00a0\u00a0\u00a0\u00a0\u00a0\u00a0\u00a0\u00a0 <b>BD Biosciences\u00a0\u00a0\u00a0\u00a0\u00a0\u00a0\u00a0\u00a0\u00a0\u00a0\u00a0\u00a0\u00a0 <\/b><a href=\"http:\/\/www.messezentrum-salzburg.at\/anreise-1.html\" target=\"_blank\"><b>(Messezentrum)<\/b><\/a><\/p>\n<h1><\/h1>\n<p>&nbsp;<\/p>\n<h1><\/h1>\n<p><b>W04\u00a0\u00a0\u00a0 <\/b>Multicolor-Durchflusszytometrie von T-, NK- und dendritischen Zellen \u2013 Farbstoffe optimal ausgew\u00e4hlt und richtig angewendet. <a href=\"https:\/\/www.igld.de\/wp-content\/uploads\/2014\/03\/WS4.pdf\" target=\"_blank\">Kurzinfo<\/a><br \/>\n(D. Printz, Wien)\u00a0\u00a0\u00a0\u00a0\u00a0\u00a0\u00a0\u00a0\u00a0\u00a0\u00a0\u00a0\u00a0\u00a0\u00a0\u00a0\u00a0\u00a0\u00a0\u00a0\u00a0\u00a0\u00a0\u00a0\u00a0\u00a0\u00a0\u00a0\u00a0\u00a0\u00a0\u00a0\u00a0\u00a0\u00a0\u00a0\u00a0\u00a0\u00a0\u00a0\u00a0\u00a0\u00a0\u00a0\u00a0\u00a0\u00a0\u00a0\u00a0\u00a0\u00a0\u00a0\u00a0\u00a0\u00a0\u00a0\u00a0\u00a0\u00a0 <b>BD Biosciences\u00a0\u00a0\u00a0\u00a0\u00a0\u00a0\u00a0\u00a0\u00a0\u00a0\u00a0\u00a0\u00a0 <\/b><a href=\"http:\/\/www.messezentrum-salzburg.at\/anreise-1.html\" target=\"_blank\"><b>(Messezentrum)<\/b><\/a><\/p>\n<h1><\/h1>\n<p>&nbsp;<\/p>\n<h1><\/h1>\n<p><b>W05\u00a0\u00a0\u00a0 <\/b>Harmonisierung und Standardisierung bei Multi-Center-Studien am Beispiel der \u201eThe One-Study\u201c<br \/>\n(M. Streitz, Berlin; M. Grandl, Krefeld)\u00a0\u00a0\u00a0\u00a0\u00a0\u00a0\u00a0\u00a0\u00a0\u00a0\u00a0\u00a0\u00a0\u00a0\u00a0\u00a0\u00a0\u00a0\u00a0\u00a0\u00a0\u00a0\u00a0\u00a0\u00a0\u00a0 <b>Beckman Coulter\u00a0\u00a0\u00a0\u00a0\u00a0\u00a0\u00a0\u00a0\u00a0\u00a0 <\/b><a href=\"http:\/\/www.messezentrum-salzburg.at\/anreise-1.html\" target=\"_blank\"><b>(Messezentrum)<\/b><\/a><\/p>\n<h1><\/h1>\n<p>&nbsp;<\/p>\n<h1><\/h1>\n<p><b>W06\u00a0\u00a0\u00a0 <\/b>Routine in der Diagnostik, leicht gemacht. Aquios, Load &amp; Go Zytometrie<br \/>\n(M. Braun, Krefeld; H.-P. Giepen, Krefeld)\u00a0\u00a0\u00a0\u00a0\u00a0\u00a0\u00a0\u00a0\u00a0\u00a0\u00a0\u00a0\u00a0\u00a0\u00a0\u00a0\u00a0 \u00a0 <b>Beckman Coulter\u00a0\u00a0\u00a0\u00a0\u00a0\u00a0\u00a0\u00a0\u00a0\u00a0 <\/b><a href=\"http:\/\/www.messezentrum-salzburg.at\/anreise-1.html\" target=\"_blank\"><b>(Messezentrum)<\/b><\/a><\/p>\n<h1><\/h1>\n<p>&nbsp;<\/p>\n<h1><\/h1>\n<p><b>W07\u00a0\u00a0\u00a0 <\/b>Harmonisierung im Bereich der Lymphom und Leuk\u00e4mie Diagnostik<br \/>\n(R. Schabath, M\u00fcnchen; N. Weit, Krefeld)\u00a0\u00a0\u00a0\u00a0\u00a0\u00a0\u00a0\u00a0\u00a0\u00a0\u00a0\u00a0\u00a0\u00a0\u00a0\u00a0 \u00a0\u00a0\u00a0 <b>Beckman Coulter\u00a0\u00a0\u00a0\u00a0\u00a0\u00a0\u00a0\u00a0\u00a0\u00a0 <\/b><a href=\"http:\/\/www.messezentrum-salzburg.at\/anreise-1.html\" target=\"_blank\"><b>(Messezentrum)<\/b><\/a><\/p>\n<h1><\/h1>\n<p>&nbsp;<\/p>\n<h1><\/h1>\n<p><b>W08\u00a0\u00a0\u00a0 <\/b>Offline-Photopherese<br \/>\n(C. Grabmer, Salzburg; E. Rohde, Salzburg)\u00a0\u00a0\u00a0\u00a0\u00a0\u00a0\u00a0\u00a0\u00a0\u00a0\u00a0\u00a0\u00a0\u00a0 \u00a0<b>Maco Pharma International<\/b><b>\u00a0\u00a0\u00a0\u00a0\u00a0\u00a0 <\/b><a href=\"http:\/\/www.salk.at\/lageplan_lkh.php?aid=\" target=\"_blank\"><b>(SALK)<\/b><\/a><\/p>\n<h1><\/h1>\n<p>&nbsp;<\/p>\n<h1><\/h1>\n<p><b>W09\u00a0\u00a0\u00a0 <\/b>GMP-Facility Salzburg, \u201cVisit the Lab\u201d<br \/>\n(M. Gimona, Salzburg, E. Rohde, Salzburg)\u00a0\u00a0\u00a0\u00a0\u00a0\u00a0\u00a0\u00a0\u00a0\u00a0\u00a0\u00a0\u00a0\u00a0\u00a0 \u00a0<b>ThermoFisher\u00a0\u00a0\u00a0\u00a0\u00a0\u00a0\u00a0\u00a0\u00a0\u00a0\u00a0\u00a0\u00a0\u00a0\u00a0\u00a0\u00a0\u00a0\u00a0\u00a0\u00a0\u00a0\u00a0\u00a0\u00a0\u00a0\u00a0\u00a0\u00a0\u00a0<\/b><a href=\"http:\/\/www.pmu.ac.at\/kontakt\/anfahrtlageplan.html\" target=\"_blank\"><b>(PMU)<\/b><\/a><b><\/b><\/p>\n<h1><\/h1>\n<p>&nbsp;<\/p>\n<h1><\/h1>\n<p><b>W10\u00a0\u00a0\u00a0 <\/b>Flow Cytometry Workshop\u00a0<a href=\"https:\/\/www.igld.de\/wp-content\/uploads\/2014\/02\/union-jack.jpg\"><img loading=\"lazy\" decoding=\"async\" class=\"alignnone  wp-image-4258\" src=\"https:\/\/www.igld.de\/wp-content\/uploads\/2014\/02\/union-jack-150x105.jpg\" alt=\"union jack\" width=\"26\" height=\"18\" \/><\/a><br \/>\n(T. M. Bauer, Wien)\u00a0\u00a0\u00a0\u00a0\u00a0\u00a0\u00a0\u00a0\u00a0\u00a0\u00a0\u00a0\u00a0\u00a0\u00a0\u00a0\u00a0\u00a0\u00a0\u00a0\u00a0\u00a0\u00a0\u00a0\u00a0\u00a0\u00a0\u00a0\u00a0\u00a0\u00a0\u00a0\u00a0\u00a0\u00a0\u00a0\u00a0\u00a0\u00a0\u00a0\u00a0\u00a0\u00a0\u00a0\u00a0\u00a0\u00a0\u00a0\u00a0\u00a0\u00a0\u00a0\u00a0\u00a0\u00a0\u00a0<b>eBioscience\u00a0\u00a0\u00a0\u00a0\u00a0\u00a0\u00a0\u00a0\u00a0\u00a0\u00a0\u00a0\u00a0\u00a0\u00a0\u00a0\u00a0\u00a0\u00a0\u00a0\u00a0\u00a0\u00a0\u00a0\u00a0\u00a0\u00a0\u00a0\u00a0\u00a0\u00a0\u00a0<\/b><a href=\"http:\/\/www.pmu.ac.at\/kontakt\/anfahrtlageplan.html\" target=\"_blank\"><b>(PMU)<\/b><b> <\/b><\/a><\/p>\n<h1><\/h1>\n<p>&nbsp;<\/p>\n<h1><\/h1>\n<p><b>W11\u00a0\u00a0\u00a0 <\/b>Exosomen: Isolation-Charakterisierung-Quantifizierung. <a href=\"https:\/\/www.igld.de\/wp-content\/uploads\/2014\/03\/WS11.pdf\" target=\"_blank\">Kurzinfo<\/a><br \/>\n(B. Giebel, Essen; T. Lener, Salzburg)\u00a0\u00a0\u00a0\u00a0\u00a0\u00a0\u00a0\u00a0\u00a0\u00a0\u00a0\u00a0\u00a0\u00a0\u00a0\u00a0\u00a0\u00a0\u00a0\u00a0\u00a0\u00a0\u00a0\u00a0 \u00a0<b>Particle Metrix\u00a0\u00a0\u00a0\u00a0\u00a0\u00a0\u00a0\u00a0\u00a0\u00a0\u00a0\u00a0\u00a0\u00a0\u00a0\u00a0\u00a0\u00a0\u00a0\u00a0\u00a0\u00a0\u00a0\u00a0\u00a0\u00a0\u00a0\u00a0\u00a0<\/b><a href=\"http:\/\/www.pmu.ac.at\/kontakt\/anfahrtlageplan.html\" target=\"_blank\"><b>(PMU)<\/b><\/a><b><\/b><\/p>\n<h1><\/h1>\n<p>&nbsp;<\/p>\n<h1><\/h1>\n<p><b>W12\u00a0\u00a0\u00a0 <\/b>H\u00e4matopoietischer CFU Zell Assay &#8211; Standardisierte Auswertung. <a href=\"https:\/\/www.igld.de\/wp-content\/uploads\/2014\/03\/WS12.pdf\" target=\"_blank\">Kurzinfo<\/a><br \/>\n(R. Krause, K\u00f6ln)\u00a0\u00a0\u00a0\u00a0\u00a0\u00a0\u00a0\u00a0\u00a0\u00a0\u00a0\u00a0\u00a0\u00a0\u00a0\u00a0\u00a0\u00a0\u00a0\u00a0\u00a0\u00a0\u00a0\u00a0\u00a0\u00a0\u00a0\u00a0\u00a0\u00a0\u00a0\u00a0\u00a0\u00a0\u00a0\u00a0\u00a0\u00a0\u00a0\u00a0\u00a0\u00a0\u00a0\u00a0\u00a0\u00a0\u00a0\u00a0\u00a0\u00a0\u00a0\u00a0\u00a0\u00a0\u00a0\u00a0\u00a0\u00a0\u00a0\u00a0<b>STEMCELL Technologies\u00a0\u00a0\u00a0\u00a0\u00a0\u00a0\u00a0\u00a0 <\/b><a href=\"http:\/\/www.pmu.ac.at\/kontakt\/anfahrtlageplan.html\" target=\"_blank\"><b>(PMU)<\/b><\/a><b><\/b><\/p>\n<h1><\/h1>\n<p>&nbsp;<\/p>\n<h1><\/h1>\n<p><b>W13\u00a0\u00a0\u00a0 <\/b>ROR-1 als neuer Marker bei CLL und automatisierte Immunzytometrie am MACSQuant Analyzer<br \/>\n(C. Pallasch, K\u00f6ln)\u00a0\u00a0\u00a0\u00a0\u00a0\u00a0\u00a0\u00a0\u00a0\u00a0\u00a0\u00a0\u00a0\u00a0\u00a0\u00a0\u00a0\u00a0\u00a0\u00a0\u00a0\u00a0\u00a0\u00a0\u00a0\u00a0\u00a0\u00a0\u00a0\u00a0\u00a0\u00a0\u00a0\u00a0\u00a0\u00a0\u00a0\u00a0\u00a0\u00a0\u00a0\u00a0\u00a0\u00a0\u00a0\u00a0\u00a0\u00a0\u00a0\u00a0\u00a0\u00a0\u00a0\u00a0\u00a0\u00a0\u00a0 <b>Miltenyi Biotec\u00a0\u00a0\u00a0\u00a0\u00a0\u00a0\u00a0\u00a0\u00a0\u00a0\u00a0\u00a0\u00a0\u00a0\u00a0\u00a0\u00a0\u00a0\u00a0\u00a0\u00a0\u00a0\u00a0\u00a0\u00a0\u00a0\u00a0 <\/b><a href=\"http:\/\/www.pmu.ac.at\/kontakt\/anfahrtlageplan.html\" target=\"_blank\"><b>(PMU)<\/b><\/a><\/p>\n<h1><\/h1>\n<p>&nbsp;<\/p>\n<h1><\/h1>\n<p><b>W14\u00a0\u00a0\u00a0 <\/b>FACSimulator: Teaching Flow Cytometry<br \/>\n(R. Weiss, Salzburg)\u00a0\u00a0\u00a0\u00a0\u00a0\u00a0\u00a0\u00a0\u00a0\u00a0\u00a0\u00a0\u00a0\u00a0\u00a0\u00a0\u00a0\u00a0\u00a0\u00a0\u00a0\u00a0\u00a0\u00a0\u00a0\u00a0\u00a0\u00a0\u00a0\u00a0\u00a0\u00a0\u00a0\u00a0\u00a0\u00a0\u00a0\u00a0\u00a0\u00a0\u00a0\u00a0\u00a0\u00a0\u00a0\u00a0\u00a0\u00a0\u00a0\u00a0\u00a0\u00a0\u00a0 \u00a0 <b><a href=\"http:\/\/www.dnavaccine.at\/FACS_Simulator\/index.html\">http:\/\/www.dnavaccine.at\/FACS_Simulator\/index.html<\/a><\/b><\/p>\n<h1><\/h1>\n<p>&nbsp;<\/p>\n<p>&nbsp;<\/p>\n<p><a href=\"https:\/\/www.igld.de\/?page_id=2870\" target=\"_blank\"><img loading=\"lazy\" decoding=\"async\" class=\"alignnone  wp-image-3812\" src=\"https:\/\/www.igld.de\/wp-content\/uploads\/2013\/05\/Fotolia_41015378_XS-300x253.jpg\" alt=\"Book now Online button\" width=\"180\" height=\"152\" srcset=\"https:\/\/www.igld.de\/wp-content\/uploads\/2013\/05\/Fotolia_41015378_XS-300x253.jpg 300w, https:\/\/www.igld.de\/wp-content\/uploads\/2013\/05\/Fotolia_41015378_XS.jpg 377w\" sizes=\"auto, (max-width: 180px) 100vw, 180px\" \/><\/a><\/p>\n<p>&nbsp;<\/p>\n<p>&nbsp;<\/p>\n","protected":false},"excerpt":{"rendered":"<p> [&hellip;]<\/p>\n","protected":false},"author":2,"featured_media":0,"parent":4439,"menu_order":3,"comment_status":"closed","ping_status":"closed","template":"","meta":{"footnotes":""},"class_list":["post-3894","page","type-page","status-publish","hentry"],"_links":{"self":[{"href":"https:\/\/www.igld.de\/index.php?rest_route=\/wp\/v2\/pages\/3894","targetHints":{"allow":["GET"]}}],"collection":[{"href":"https:\/\/www.igld.de\/index.php?rest_route=\/wp\/v2\/pages"}],"about":[{"href":"https:\/\/www.igld.de\/index.php?rest_route=\/wp\/v2\/types\/page"}],"author":[{"embeddable":true,"href":"https:\/\/www.igld.de\/index.php?rest_route=\/wp\/v2\/users\/2"}],"replies":[{"embeddable":true,"href":"https:\/\/www.igld.de\/index.php?rest_route=%2Fwp%2Fv2%2Fcomments&post=3894"}],"version-history":[{"count":70,"href":"https:\/\/www.igld.de\/index.php?rest_route=\/wp\/v2\/pages\/3894\/revisions"}],"predecessor-version":[{"id":4446,"href":"https:\/\/www.igld.de\/index.php?rest_route=\/wp\/v2\/pages\/3894\/revisions\/4446"}],"up":[{"embeddable":true,"href":"https:\/\/www.igld.de\/index.php?rest_route=\/wp\/v2\/pages\/4439"}],"wp:attachment":[{"href":"https:\/\/www.igld.de\/index.php?rest_route=%2Fwp%2Fv2%2Fmedia&parent=3894"}],"curies":[{"name":"wp","href":"https:\/\/api.w.org\/{rel}","templated":true}]}}