{"id":2870,"date":"2012-12-04T10:54:43","date_gmt":"2012-12-04T10:54:43","guid":{"rendered":"http:\/\/www.igld.de\/?page_id=2870"},"modified":"2025-03-09T10:04:12","modified_gmt":"2025-03-09T09:04:12","slug":"anmeldung-2","status":"publish","type":"page","link":"https:\/\/www.igld.de\/?page_id=2870","title":{"rendered":"Anmeldung"},"content":{"rendered":"<p>Sie haben die M\u00f6glichkeit sich ganz einfach \u00fcber unsere\u00a0\u00a0 \u00a0<span style=\"color: #000080;\"><strong><span style=\"color: #000080;\"><span style=\"color: #ff0000;\"><a href=\"https:\/\/www.igld.de\/functions\/anmeldungonline.php\"><span style=\"color: #ff0000;\">Online-Anmeldung<\/span><\/a>\u00a0<\/span>\u00a0<\/span><\/strong><\/span>\u00a0\u00a0 anzumelden.<\/p>\n<h2>Anmeldung Symposium<\/h2>\n<p>Die Teilnahme am Symposium ist kostenfrei. Bitte melden Sie sich dennoch\u00a0\u00a0\u00fcber unsere\u00a0\u00a0\u00a0 <a href=\"https:\/\/www.igld.de\/functions\/anmeldungonline.php\"><strong><span style=\"color: #ff0000;\">Online-Anmeldung<\/span><\/strong><\/a>\u00a0 an. Wir ben\u00f6tigen Ihre Anmeldung f\u00fcr die Organisation des Caterings.<\/p>\n<p>Nach Ihrer\u00a0Online-Anmeldung\u00a0 erhalten Sie eine Best\u00e4tigung an Ihre eMail Adresse.<\/p>\n<h2>Anmeldung Workshops<\/h2>\n<p style=\"text-align: justify;\">Geben Sie unbedingt Ihre Email-Anschrift an. \u00dcberweisen Sie den Teilnahmebetrag auf das angegebene Konto. <strong>Die Geb\u00fchr beinhaltet die Teilnahme am\u00a0\u00a0Netzwerkabend am Freitag\u00a0 (sofern noch ein Platzkontingent verf\u00fcgbar ist) !<\/strong><\/p>\n<p style=\"text-align: justify;\">1) Geben Sie Ihre Personalien in das Online-Formular\u00a0ein. <strong>WICHTIG<\/strong>: Sie erhalten alle Informationen per Email (z.B. Buchungsbest\u00e4tigung). Geben Sie daher bitte\u00a0Ihre eMail-Anschrift \u00a0an. Sollten Sie selbst keine Email-Adresse haben, k\u00f6nnen Sie diese bei diveresen Internetanbietern kostenlos einrichten. Alternativ nutzen Sie bitte die Email-Adresse eines Ihnen vertrauten Arbeitskollegen oder Freundes.<\/p>\n<p style=\"text-align: justify;\">2) W\u00e4hlen Sie bitte die <strong>zwei Workshops<\/strong> in unserem Online-Formular aus, an denen Sie teilnehmen m\u00f6chten. Danach w\u00e4hlen Sie <strong>zwei Reserve-Workshops<\/strong> aus . Die IGLD ist bem\u00fcht, Ihnen die gew\u00fcnschten Workshops anzubieten. Sollten diese belegt sein, w\u00fcrde eine Teil-Zuordnung erfolgen und ggf. auf die Reserve-Workshops zur\u00fcckgegriffen werden.<\/p>\n<p><strong>\u00dcberweisen Sie bitte den Teilnahmebetrag\u00a0 in H\u00f6he von 100 \u20ac auf das folgende Konto:<\/strong><\/p>\n<p><strong>IGLD e.V., Ostseesparkasse Rostock, IBAN:\u00a0<b>DE52 1305 0000 0110 0028 49, <b>BIC:<\/b> NOLADE21ROS<em><br \/>\n<\/em><\/b><\/strong><\/p>\n<h2>Netzwerkabend<\/h2>\n<p>Die Anzahl der verf\u00fcgbaren Pl\u00e4tze ist limitiert.<\/p>\n<p>IGLD e.V.<\/p>\n<p>Anne-Frank-Str. 12<\/p>\n<p>22587 Hamburg<\/p>\n<p>Fax-Nr<strong>.<\/strong>\u00a0 040 \u2013 46 77 3009<\/p>\n","protected":false},"excerpt":{"rendered":"<p> [&hellip;]<\/p>\n","protected":false},"author":2,"featured_media":0,"parent":17434,"menu_order":7,"comment_status":"closed","ping_status":"closed","template":"","meta":{"footnotes":""},"class_list":["post-2870","page","type-page","status-publish","hentry"],"_links":{"self":[{"href":"https:\/\/www.igld.de\/index.php?rest_route=\/wp\/v2\/pages\/2870","targetHints":{"allow":["GET"]}}],"collection":[{"href":"https:\/\/www.igld.de\/index.php?rest_route=\/wp\/v2\/pages"}],"about":[{"href":"https:\/\/www.igld.de\/index.php?rest_route=\/wp\/v2\/types\/page"}],"author":[{"embeddable":true,"href":"https:\/\/www.igld.de\/index.php?rest_route=\/wp\/v2\/users\/2"}],"replies":[{"embeddable":true,"href":"https:\/\/www.igld.de\/index.php?rest_route=%2Fwp%2Fv2%2Fcomments&post=2870"}],"version-history":[{"count":63,"href":"https:\/\/www.igld.de\/index.php?rest_route=\/wp\/v2\/pages\/2870\/revisions"}],"predecessor-version":[{"id":17784,"href":"https:\/\/www.igld.de\/index.php?rest_route=\/wp\/v2\/pages\/2870\/revisions\/17784"}],"up":[{"embeddable":true,"href":"https:\/\/www.igld.de\/index.php?rest_route=\/wp\/v2\/pages\/17434"}],"wp:attachment":[{"href":"https:\/\/www.igld.de\/index.php?rest_route=%2Fwp%2Fv2%2Fmedia&parent=2870"}],"curies":[{"name":"wp","href":"https:\/\/api.w.org\/{rel}","templated":true}]}}