{"id":150,"date":"2010-02-23T12:50:20","date_gmt":"2010-02-23T12:50:20","guid":{"rendered":"http:\/\/www.igld.de\/?page_id=150"},"modified":"2024-07-15T18:00:52","modified_gmt":"2024-07-15T17:00:52","slug":"impressum-2","status":"publish","type":"page","link":"https:\/\/www.igld.de\/?page_id=150","title":{"rendered":"Impressum"},"content":{"rendered":"<p>&nbsp;<\/p>\n<p>IGLD e.V.<\/p>\n<p>1. Vorsitzender Prof.Dr.rer.nat. Hannes Klump<\/p>\n<p>1. Stellvertreter des 1. Vorsitzenden Prof.Dr.rer.nat. Karen Bieback<\/p>\n<p>2. Stellvertreter des 1. Vorsitzenden Prof.Dr.rer.nat. Eva-Maria Albers<\/p>\n<p>Schatzmeister Dr. med. Hans-Dieter Kleine<\/p>\n<p>Schriftf\u00fchrer\u00a0Dr. rer. nat. Andr\u00e9 G\u00f6rgens<\/p>\n<p>&nbsp;<\/p>\n<p><span style=\"text-decoration: underline;\">Kontakt<\/span>:<\/p>\n<p>IGLD e.V.<\/p>\n<p>Katharina Gutensohn<\/p>\n<p>Anne-Frank-Stra\u00dfe 12<\/p>\n<p>22587 Hamburg<\/p>\n<p>E-Mail:\u00a0<a href=\"mailto:info@igld.de\">info@igld.de<br \/>\n<\/a><\/p>\n<p>Webadresse :\u00a0<a href=\"https:\/\/www.igld.de\/\">www.igld.de<\/a><\/p>\n<p>&nbsp;<\/p>\n<p>K\u00f6rperschaftsteuernummer: 079\/141\/21250 Finanzamt Rostock<\/p>\n<p>Vereinsregister: \u00a0VR 10767 Amtsgericht Rostock<\/p>\n<p>&nbsp;<\/p>\n<p><strong>Haftungsbeschr\u00e4nkung<\/strong><\/p>\n<p style=\"text-align: justify;\">Der IGLD e.V. \u00fcbernimmt keinerlei Gew\u00e4hr auf Vollst\u00e4ndigkeit, Aktualit\u00e4t und Qualit\u00e4t der auf dieser Homepage bereitgestellten Informationen. Wir sind jedoch bem\u00fcht ein H\u00f6chstma\u00df an Aktualit\u00e4t und Qualit\u00e4t zu erreichen. In dieser Hinsicht handelt der Nutzer der Webpage auf eigene Gefahr in ideeller wie auch materieller Hinsicht. Die Nutzung dieser Homepage dient der Information, Anmeldung\u00a0und Organisation der Tagungen.<\/p>\n<p style=\"text-align: justify;\">Die Nutzung der auf unserer Homepage zur Verf\u00fcgung gestellten Links auf andere Homepages zwecks der Information zu Tagungsorten und Anfahrten etc. geschieht ausdr\u00fccklich auf eigene Gefahr hin. F\u00fcr den Inhalt der verlinkten Seiten sind ausschlie\u00dflich deren Betreiber zust\u00e4ndig und haftbar. Der Betreiber dieser Homepage hat keinen Einfluss auf die aktuelle und zuk\u00fcnftige Gestaltung der verlinkten Seiten.<\/p>\n<p><strong>Urheber- und Kennzeichnungsplicht<\/strong><\/p>\n<p style=\"text-align: justify;\">Es wird ausdr\u00fccklich darauf hingewiesen, dass eine Vervielf\u00e4ltigung, Speicherung, Verarbeitung und Ver\u00e4u\u00dferung der auf den verlinkten Seiten angebotenen Inhalte der Zustimmung durch den Eigent\u00fcmer und Betreiber der jeweiligen Seite bed\u00fcrfen. Ohne eine Einwilligung sind diese Handlungen nach dem Urheberrecht strafbar.<\/p>\n<p><strong>Datenschutz<\/strong><\/p>\n<p style=\"text-align: justify;\">Eine Eingabe pers\u00f6nlicher Daten ist auf unserer Homepage zum Zwecke der Anmeldung erforderlich. Mit den Anmeldedaten wird nach der Registrierung vor Ort eine Teilnahmebescheinigung ausgestellt. Die Teilnahmedaten gehen dann im Original\u00a0an die jeweilige Landes\u00e4rztekammer. Dort werden die f\u00fcr die jeweilige Veranstaltung erhaltenen Fortbildungspunkte gutgeschrieben.\u00a0Sofern\u00a0eine Eingabe von pers\u00f6nlichen Daten \u00a0auf verlinkten Seiten erwartet wird, geschieht dies ausdr\u00fccklich auf freiwilliger Basis und entzieht sich unserem Einflussbereich. Auch k\u00f6nnen auf den verlinkten Seiten Cookies einschlie\u00dflich Ihrer IP-Adresse ihres Computers mit Ihren Daten gespeichert werden. Wir weisen hiermit darauf hin, dass eine sichere Daten\u00fcbertragung aus sicherheitsrelevanten und technischen Gr\u00fcnden nicht gew\u00e4hrleistet werden kann.<\/p>\n<p><a href=\"http:\/\/www.gesetze-im-internet.de\/bundesrecht\/tmg\/gesamt.pdf\">Bitte lesen Sie dazu auch die Bestimmungen im Telemediengesetz 2007<\/a><\/p>\n<p><a href=\"https:\/\/www.igld.de\/wp-content\/uploads\/2018\/05\/Neue-EU-Datenschutzverordnung-2018.pdf\">Neue EU-Datenschutzgrundverordnung\u00a0<\/a><\/p>\n<p><a href=\"https:\/\/dejure.org\/gesetze\/TMG\" target=\"_blank\" rel=\"noopener\">Weitere Informationen dazu unter dejure.org<\/a><\/p>\n<p>&nbsp;<\/p>\n","protected":false},"excerpt":{"rendered":"<p> [&hellip;]<\/p>\n","protected":false},"author":2,"featured_media":0,"parent":0,"menu_order":0,"comment_status":"closed","ping_status":"closed","template":"","meta":{"footnotes":""},"class_list":["post-150","page","type-page","status-publish","hentry"],"_links":{"self":[{"href":"https:\/\/www.igld.de\/index.php?rest_route=\/wp\/v2\/pages\/150","targetHints":{"allow":["GET"]}}],"collection":[{"href":"https:\/\/www.igld.de\/index.php?rest_route=\/wp\/v2\/pages"}],"about":[{"href":"https:\/\/www.igld.de\/index.php?rest_route=\/wp\/v2\/types\/page"}],"author":[{"embeddable":true,"href":"https:\/\/www.igld.de\/index.php?rest_route=\/wp\/v2\/users\/2"}],"replies":[{"embeddable":true,"href":"https:\/\/www.igld.de\/index.php?rest_route=%2Fwp%2Fv2%2Fcomments&post=150"}],"version-history":[{"count":50,"href":"https:\/\/www.igld.de\/index.php?rest_route=\/wp\/v2\/pages\/150\/revisions"}],"predecessor-version":[{"id":17691,"href":"https:\/\/www.igld.de\/index.php?rest_route=\/wp\/v2\/pages\/150\/revisions\/17691"}],"wp:attachment":[{"href":"https:\/\/www.igld.de\/index.php?rest_route=%2Fwp%2Fv2%2Fmedia&parent=150"}],"curies":[{"name":"wp","href":"https:\/\/api.w.org\/{rel}","templated":true}]}}