{"id":1210,"date":"2010-11-12T07:35:19","date_gmt":"2010-11-12T07:35:19","guid":{"rendered":"http:\/\/www.igld.de\/?page_id=1210"},"modified":"2026-01-16T13:43:01","modified_gmt":"2026-01-16T12:43:01","slug":"organisatoren","status":"publish","type":"page","link":"https:\/\/www.igld.de\/?page_id=1210","title":{"rendered":"\u00dcber uns"},"content":{"rendered":"<p>&nbsp;<\/p>\n<p>IGLD &#8211; Interdisziplin\u00e4re Gruppe f\u00fcr Labor und Durchflusszytometrie<\/p>\n<p style=\"text-align: justify;\">Mit dem Ziel Klinik, Laboranalytik und Wissenschaft zu verbinden, wurde 1995 die \u201e<a href=\"https:\/\/www.igld.de\/\">Interdisziplin\u00e4re Gruppe f\u00fcr Labor und Durchflusszytometrie<\/a>\u201c gegr\u00fcndet. Sie etablierte sogleich das <a href=\"https:\/\/www.igld.de\/\">IGLD<\/a>-Jahressymposium, das Theorie, angewandte Praxis und klinische Diagnostik bzw. Therapie miteinander verkn\u00fcpft. Im Laufe der letzten\u00a0 Jahre hat sich diese Tagung zu einem translationalen Symposium entwickelt, bei dem Fach\u00e4rzte verschiedener Fachrichtungen (u. a. f\u00fcr Laboratoriumsmedizin, Transfusionsmedizin, H\u00e4matologie, Onkologie) und Grundlagenforscher zusammenkommen, um sich \u00fcber neue Entwicklungen in der Routine und angrenzenden Forschungsgebieten auszutauschen.\u00a0Die Arbeit der IGLD und seiner Organisatoren \u00a0ist ehrenamtlich und orientiert sich ausschlie\u00dflich an Inhalten.\u00a0Da sich die Tagung auch\u00a0 an junge Nachwuchswissenschaftler und interessiertes Laborpersonal richtet,\u00a0ist es uns\u00a0wichtig\u00a0auch dieses\u00a0Symposium kostenfrei anzubieten.<\/p>\n<p><span style=\"color: #0000ff;\">\u00a0<\/span><\/p>\n<p><strong><u>Aktuelle Organisatoren<\/u><\/strong><\/p>\n<p><strong>Adelmann, Jasmin<\/strong>; D\u00fcsseldorf, Universit\u00e4tsklinikum, ITZ<\/p>\n<p><strong>Besser, Daniel<\/strong>; Berlin, German Stem Cell Network<\/p>\n<p><strong>Bieback, Karen<\/strong>; Heidelberg, Universit\u00e4tsklinikum, DRK Blutspendedienst Mannheim<\/p>\n<p><strong>B0enig, Halvard<\/strong>; Frankfurt am Main, DRK Blutspendedienst<\/p>\n<p><strong>Brechtel, Ingrid<\/strong>; Mannheim<\/p>\n<p><strong>Ehrend, Elisabeth<\/strong>; Frankfurt am Main,<\/p>\n<p><strong>Fischer, Johannes<\/strong>; D\u00fcsseldorf, Universit\u00e4tsklinikum, ITZ<\/p>\n<p><strong>Fuchs, Helga<\/strong>; M\u00fcnchen<\/p>\n<p><strong>Geisen, Christof<\/strong>; K\u00f6ln, Praxis f\u00fcr H\u00e4mostaseologie<\/p>\n<p><strong>Geisen, Marina<\/strong>; K\u00f6ln, MT Schule<\/p>\n<p><strong>Giebel, Bernd<\/strong>; Essen, Institut f\u00fcr Transfusionsmedizin und Transplantationsdiagnostik<\/p>\n<p><strong>Goergens, Andr\u00e8<\/strong>;\u00a0Stockholm (Schweden), Karolinska Institutet<\/p>\n<p><strong>Gutensohn, Kai<\/strong>; Hannover, Werlhof-Institut MVZ GmbH,<\/p>\n<p><strong>Gutensohn, Katharina<\/strong>; Hamburg, IGLD e.V.<\/p>\n<p><strong>Hoffmann, Georg<\/strong>; Grafrath, Trillium GmbH<\/p>\n<p><strong>Holdenrieder, Stefan;<\/strong> \u00a0Deutsches Herzzentrum M\u00fcnchen, Klinik an der TU M\u00fcnchen<\/p>\n<p><strong>Holzh\u00e4uer, Inci<\/strong>; Seehausen a. St.<\/p>\n<p><strong>Humpe, Andreas<\/strong>;M\u00fcnchen, Gro\u00dfhadern,\u00a0Abteilung f\u00fcr Transfusionsmedizin, Zelltherapeutika und H\u00e4mostaseologie<\/p>\n<p><strong>Hunfeld, Klaus-Peter;<\/strong> Frankfurt am Main, Krankenhaus Nordwest, D\u00fcsseldorf, INSTAND e.V.<\/p>\n<p><strong>Kaiser, Patricia,<\/strong> D\u00fcsseldorf, INSTAND e.V.<\/p>\n<p><strong>Kern, Wolfgang<\/strong>; M\u00fcnchen, MLL<\/p>\n<p><strong>Kleine, Hans-Dieter<\/strong>; Bad Doberan, Maditec GmbH<\/p>\n<p><strong>Klump, Hannes<\/strong>; Aachen, Uniklinik RWTH, Abtl. Transfusionsmedizin und Zelltherapeutika<\/p>\n<p><strong>Kr\u00e4mer-Albers, Eva-Maria<\/strong>; Mainz, Universit\u00e4tsklinikum, Inst. f\u00fcr molekulare Zellbiologie<\/p>\n<p><strong>Krieger, Thorsten<\/strong>; Hamburg, MVZ Rheuma<\/p>\n<p><strong>Lohr, Benedikt;<\/strong> Koblenz, Labor Koblenz-Mittelrhein<\/p>\n<p><strong>Mahrt, Jens<\/strong>; Einbeck<\/p>\n<p><strong>Maschek, Christiane<\/strong>; M\u00fcnster<\/p>\n<p><strong>Menck, Kerstin<\/strong>; Kaiserslautern<\/p>\n<p><strong>Nebe, Thomas<\/strong>; Mannheim, H\u00e4matologie Labor<\/p>\n<p><strong>Odendahl, Marcus<\/strong>; Dresden, Universit\u00e4tsklinikum, Exp. Transfusionsmedizin<\/p>\n<p><strong>Oschwald-H\u00e4g<\/strong>, Barbara;<\/p>\n<p><strong>Peetz, Dirk<\/strong>; Berlin, HELIOS Klinik, Inst. f\u00fcr Labormedizin; D\u00fcsseldorf, INSTAND e.V.<\/p>\n<p><strong>Peine, Sven<\/strong>; Hamburg, UKE, Institut f\u00fcr Transfusionsmedizin<\/p>\n<p><strong>Poremba, Christopher; <\/strong>Pathologie M\u00fcnchen-Nord<\/p>\n<p><strong>Radtke, Stefan<\/strong>; Seattle \/ USA, Fred Hutchinson Cancer Research Center<\/p>\n<p><strong>Rohde, Eva<\/strong>; Salzburg, Universit\u00e4tsklinikum, SALK<\/p>\n<p><strong>Sack, Ulrich<\/strong>; Leipzig, Universit\u00e4tsklinikum, Inst. f\u00fcr Immunologie<\/p>\n<p><strong>Schellenberg, Ingo;\u00a0<\/strong>Hochschule Anhalt,\u00a0IBAS;<strong>\u00a0<\/strong>D\u00fcsseldorf, INSTAND e.V<\/p>\n<p><strong>Schwarzer, Adrian<\/strong>;<\/p>\n<p><strong>Spannagl, Michael<\/strong>; M\u00fcnchen, Universit\u00e4tsklinikum, LMU; D\u00fcsseldorf, INSTAND e.V<\/p>\n<p><strong>Strunk, Dirk<\/strong>; Salzburg, Paracelsus Medizinische Privatuniversit\u00e4t<\/p>\n<p><strong>Tonn, Torsten<\/strong>; Dresden, Universit\u00e4tsklinikum; DRK Blutspendedienst Ost GmbH<\/p>\n<p><strong>W\u00e4lter, Michaela<\/strong>; D\u00fcsseldorf, Universit\u00e4tsklinikum, ITZ<\/p>\n<p><strong>Zeichhardt, Heinz<\/strong>;Berlin, Charit\u00e9<\/p>\n<p><strong>Weiss, Nathalie<\/strong>; Neuss<\/p>\n<p><strong>\u00a0<\/strong><\/p>\n<p>&nbsp;<\/p>\n<p><strong><u>Ehemalige Organisatoren<\/u><\/strong><\/p>\n<p><strong>Blaschke, Sabine<\/strong>; G\u00f6ttingen<\/p>\n<p><strong>Fritsch, Gerhard<\/strong>; Wien<\/p>\n<p><strong>Hustinx, Hein<\/strong> ; CH-Bern<\/p>\n<p><strong>H\u00f6ffkes, Heinz-Gert<\/strong>; Fulda<\/p>\n<p><strong>Kunz, Dagmar<\/strong>; Koblenz<\/p>\n<p><strong>Ratei, Richard <\/strong>, Bad Saarow<\/p>\n<p><strong>Schmidt, Thomas<\/strong>; Bad Sooden\u2013Allendorf<\/p>\n<p><strong>Serke, Stefan<\/strong>; Berlin<\/p>\n<p><strong>Stahnke, Karsten<\/strong>; G\u00fcnzburg<\/p>\n<p><strong>Wessels, Johannes<\/strong>; G\u00f6ttingen<\/p>\n","protected":false},"excerpt":{"rendered":"<p> [&hellip;]<\/p>\n","protected":false},"author":2,"featured_media":0,"parent":0,"menu_order":0,"comment_status":"closed","ping_status":"closed","template":"","meta":{"footnotes":""},"class_list":["post-1210","page","type-page","status-publish","hentry"],"_links":{"self":[{"href":"https:\/\/www.igld.de\/index.php?rest_route=\/wp\/v2\/pages\/1210","targetHints":{"allow":["GET"]}}],"collection":[{"href":"https:\/\/www.igld.de\/index.php?rest_route=\/wp\/v2\/pages"}],"about":[{"href":"https:\/\/www.igld.de\/index.php?rest_route=\/wp\/v2\/types\/page"}],"author":[{"embeddable":true,"href":"https:\/\/www.igld.de\/index.php?rest_route=\/wp\/v2\/users\/2"}],"replies":[{"embeddable":true,"href":"https:\/\/www.igld.de\/index.php?rest_route=%2Fwp%2Fv2%2Fcomments&post=1210"}],"version-history":[{"count":196,"href":"https:\/\/www.igld.de\/index.php?rest_route=\/wp\/v2\/pages\/1210\/revisions"}],"predecessor-version":[{"id":17860,"href":"https:\/\/www.igld.de\/index.php?rest_route=\/wp\/v2\/pages\/1210\/revisions\/17860"}],"wp:attachment":[{"href":"https:\/\/www.igld.de\/index.php?rest_route=%2Fwp%2Fv2%2Fmedia&parent=1210"}],"curies":[{"name":"wp","href":"https:\/\/api.w.org\/{rel}","templated":true}]}}